{"id":1467,"date":"2023-11-03T08:05:56","date_gmt":"2023-11-03T08:05:56","guid":{"rendered":"https:\/\/vision.e-trade4you.com\/orthopaedics\/"},"modified":"2024-11-26T10:28:13","modified_gmt":"2024-11-26T10:28:13","slug":"orthopaedics","status":"publish","type":"page","link":"https:\/\/vision-health.ro\/en\/orthopaedics\/","title":{"rendered":"Orthopaedics"},"content":{"rendered":"\t\t<div data-elementor-type=\"wp-page\" data-elementor-id=\"1467\" class=\"elementor elementor-1467 elementor-1097\" data-elementor-post-type=\"page\">\n\t\t\t\t<div class=\"elementor-element elementor-element-09e0329 e-con-full e-flex e-con e-parent\" data-id=\"09e0329\" data-element_type=\"container\" data-settings=\"{&quot;background_background&quot;:&quot;classic&quot;}\">\n\t\t\t\t<div class=\"elementor-element elementor-element-6043d5c elementor-widget elementor-widget-heading\" data-id=\"6043d5c\" data-element_type=\"widget\" data-widget_type=\"heading.default\">\n\t\t\t\t<div class=\"elementor-widget-container\">\n\t\t\t<h2 class=\"elementor-heading-title elementor-size-default\">Orthopaedics<\/h2>\t\t<\/div>\n\t\t\t\t<\/div>\n\t\t\t\t<\/div>\n\t\t<div class=\"elementor-element elementor-element-99e1a2d e-flex e-con-boxed e-con e-parent\" data-id=\"99e1a2d\" data-element_type=\"container\">\n\t\t\t\t\t<div class=\"e-con-inner\">\n\t\t<div class=\"elementor-element elementor-element-ccda0d8 e-con-full e-flex e-con e-child\" data-id=\"ccda0d8\" data-element_type=\"container\">\n\t\t<div class=\"elementor-element elementor-element-c19b5d2 e-con-full e-flex e-con e-child\" data-id=\"c19b5d2\" data-element_type=\"container\" data-settings=\"{&quot;background_background&quot;:&quot;classic&quot;}\">\n\t\t\t\t<div class=\"elementor-element elementor-element-e861c5c elementor-view-stacked elementor-shape-circle elementor-position-top elementor-mobile-position-top elementor-widget elementor-widget-icon-box\" data-id=\"e861c5c\" data-element_type=\"widget\" data-widget_type=\"icon-box.default\">\n\t\t\t\t<div class=\"elementor-widget-container\">\n\t\t\t\t\t<div class=\"elementor-icon-box-wrapper\">\n\n\t\t\t\t\t\t<div class=\"elementor-icon-box-icon\">\n\t\t\t\t<span  class=\"elementor-icon elementor-animation-\">\n\t\t\t\t<i aria-hidden=\"true\" class=\"fas fa-user-md\"><\/i>\t\t\t\t<\/span>\n\t\t\t<\/div>\n\t\t\t\n\t\t\t\t\t\t<div class=\"elementor-icon-box-content\">\n\n\t\t\t\t\t\t\t\t\t<h3 class=\"elementor-icon-box-title\">\n\t\t\t\t\t\t<span  >\n\t\t\t\t\t\t\tOrthopaedics\t\t\t\t\t\t<\/span>\n\t\t\t\t\t<\/h3>\n\t\t\t\t\n\t\t\t\t\t\t\t\t\t<p class=\"elementor-icon-box-description\">\n\t\t\t\t\t\tIn case of musculoskeletal complaints or other disorders with persistent pain, it is recommended to consult an orthopaedic specialist. Our doctor is at your disposal!\t\t\t\t\t<\/p>\n\t\t\t\t\n\t\t\t<\/div>\n\t\t\t\n\t\t<\/div>\n\t\t\t\t<\/div>\n\t\t\t\t<\/div>\n\t\t\t\t<div class=\"elementor-element elementor-element-7af936a elementor-widget elementor-widget-image\" data-id=\"7af936a\" data-element_type=\"widget\" data-widget_type=\"image.default\">\n\t\t\t\t<div class=\"elementor-widget-container\">\n\t\t\t\t\t\t\t\t\t\t\t\t\t<img fetchpriority=\"high\" decoding=\"async\" width=\"1024\" height=\"683\" src=\"https:\/\/vision-health.ro\/wp-content\/uploads\/2023\/10\/prthopedic-background.jpg\" class=\"attachment-large size-large wp-image-264\" alt=\"\" srcset=\"https:\/\/vision-health.ro\/wp-content\/uploads\/2023\/10\/prthopedic-background.jpg 1024w, https:\/\/vision-health.ro\/wp-content\/uploads\/2023\/10\/prthopedic-background-300x200.jpg 300w, https:\/\/vision-health.ro\/wp-content\/uploads\/2023\/10\/prthopedic-background-768x512.jpg 768w\" sizes=\"(max-width: 1024px) 100vw, 1024px\" \/>\t\t\t\t\t\t\t\t\t\t\t\t\t<\/div>\n\t\t\t\t<\/div>\n\t\t\t\t<div class=\"elementor-element elementor-element-8b33ba3 elementor-widget elementor-widget-text-editor\" data-id=\"8b33ba3\" data-element_type=\"widget\" data-widget_type=\"text-editor.default\">\n\t\t\t\t<div class=\"elementor-widget-container\">\n\t\t\t\t\t\t\t<p><strong>Dr. Levente Sarkadi<\/strong><\/p>\t\t\t\t\t\t<\/div>\n\t\t\t\t<\/div>\n\t\t\t\t<div class=\"elementor-element elementor-element-66aa348 elementor-widget elementor-widget-text-editor\" data-id=\"66aa348\" data-element_type=\"widget\" data-widget_type=\"text-editor.default\">\n\t\t\t\t<div class=\"elementor-widget-container\">\n\t\t\t\t\t\t\t<p><strong>Dr. Istv\u00e1n Gergely<br \/><\/strong><\/p>\t\t\t\t\t\t<\/div>\n\t\t\t\t<\/div>\n\t\t\t\t<div class=\"elementor-element elementor-element-356d43b elementor-widget elementor-widget-text-editor\" data-id=\"356d43b\" data-element_type=\"widget\" data-widget_type=\"text-editor.default\">\n\t\t\t\t<div class=\"elementor-widget-container\">\n\t\t\t\t\t\t\t<p><strong>Dr. Gy\u00f6rgy Kov\u00e1cs<br \/><\/strong><\/p>\t\t\t\t\t\t<\/div>\n\t\t\t\t<\/div>\n\t\t\t\t<div class=\"elementor-element elementor-element-60af6d2 elementor-widget-divider--view-line elementor-widget elementor-widget-divider\" data-id=\"60af6d2\" data-element_type=\"widget\" data-widget_type=\"divider.default\">\n\t\t\t\t<div class=\"elementor-widget-container\">\n\t\t\t\t\t<div class=\"elementor-divider\">\n\t\t\t<span class=\"elementor-divider-separator\">\n\t\t\t\t\t\t<\/span>\n\t\t<\/div>\n\t\t\t\t<\/div>\n\t\t\t\t<\/div>\n\t\t\t\t<div class=\"elementor-element elementor-element-185d67e elementor-widget elementor-widget-text-editor\" data-id=\"185d67e\" data-element_type=\"widget\" data-widget_type=\"text-editor.default\">\n\t\t\t\t<div class=\"elementor-widget-container\">\n\t\t\t\t\t\t\t<p><em>Programme: Tuesday from h16:00<br \/><\/em><\/p>\t\t\t\t\t\t<\/div>\n\t\t\t\t<\/div>\n\t\t\t\t<div class=\"elementor-element elementor-element-3b1ba88 elementor-align-center elementor-widget elementor-widget-button\" data-id=\"3b1ba88\" data-element_type=\"widget\" data-widget_type=\"button.default\">\n\t\t\t\t<div class=\"elementor-widget-container\">\n\t\t\t\t\t\t\t<div class=\"elementor-button-wrapper\">\n\t\t\t\t\t<a class=\"elementor-button elementor-button-link elementor-size-lg\" href=\"#elementor-action%3Aaction%3Dpopup%3Aopen%26settings%3DeyJpZCI6MjA1NCwidG9nZ2xlIjpmYWxzZX0%3D\">\n\t\t\t\t\t\t<span class=\"elementor-button-content-wrapper\">\n\t\t\t\t\t\t\t\t\t<span class=\"elementor-button-text\">Booking an appointment<\/span>\n\t\t\t\t\t<\/span>\n\t\t\t\t\t<\/a>\n\t\t\t\t<\/div>\n\t\t\t\t\t\t<\/div>\n\t\t\t\t<\/div>\n\t\t\t\t<\/div>\n\t\t\t\t<\/div>\n\t\t<div class=\"elementor-element elementor-element-7fcdbcd e-con-full e-flex e-con e-child\" data-id=\"7fcdbcd\" data-element_type=\"container\">\n\t\t<div class=\"elementor-element elementor-element-cdba88d e-con-full e-flex e-con e-child\" data-id=\"cdba88d\" data-element_type=\"container\" data-settings=\"{&quot;background_background&quot;:&quot;classic&quot;}\">\n\t\t\t\t<div class=\"elementor-element elementor-element-b2905d5 elementor-widget elementor-widget-text-editor\" data-id=\"b2905d5\" data-element_type=\"widget\" data-widget_type=\"text-editor.default\">\n\t\t\t\t<div class=\"elementor-widget-container\">\n\t\t\t\t\t\t\t<p>Orthopaedics deals with congenital and acquired disorders of the skeletal and musculoskeletal systems and their treatment.<\/p><p>Common symptoms of musculoskeletal disorders that can be diagnosed and treated in the orthopaedic specialty include:<\/p><ul><li>Knee pain<\/li><li>Hip pain<\/li><li>Elbow and wrist pain<\/li><li>Back and cervical spine pain<\/li><li>Shoulder pain<\/li><\/ul><p><strong><em>Services<\/em>:<\/strong><\/p><ul><li>General consultation<\/li><li>Control<\/li><li>Hyaluronic acid injection<\/li><li>PRP (Platelet Rich Plasma) injection<\/li><li>Infiltration<\/li><li>Steroid injection<\/li><li>Casting of upper limb<\/li><li>Casting of lower limb<\/li><\/ul><p><b>Dr. Levente Sarkadi<\/b> &#8211; Orthopaedic traumatologist<br \/><b>Dr. Istv\u00e1n Gergely<\/b> &#8211; Chief of Orthopaedic Trauma, Senior lecturer<br \/><b>Dr. Gy\u00f6rgy Kov\u00e1cs<\/b> &#8211; Chief of Orthopaedic Trauma, Univ. Prof.<br \/><b><\/b><\/p><p><b>Programme:\u00a0<\/b>Tuesday from h16:00<\/p>\t\t\t\t\t\t<\/div>\n\t\t\t\t<\/div>\n\t\t\t\t<\/div>\n\t\t\t\t<\/div>\n\t\t\t\t\t<\/div>\n\t\t\t\t<\/div>\n\t\t\t\t<\/div>\n\t\t","protected":false},"excerpt":{"rendered":"<p>Orthopaedics In case of musculoskeletal complaints or other disorders with persistent pain, it is recommended to consult an orthopaedic specialist. Our doctor is at your disposal! Dr. Levente Sarkadi Dr. Istv\u00e1n Gergely Dr. Gy\u00f6rgy Kov\u00e1cs Programme: Tuesday from h16:00 Booking an appointment Orthopaedics deals with congenital and acquired disorders of the skeletal and musculoskeletal systems [&hellip;]<\/p>\n","protected":false},"author":1,"featured_media":0,"parent":0,"menu_order":0,"comment_status":"closed","ping_status":"closed","template":"","meta":{"footnotes":""},"class_list":["post-1467","page","type-page","status-publish","hentry"],"blocksy_meta":[],"_links":{"self":[{"href":"https:\/\/vision-health.ro\/en\/wp-json\/wp\/v2\/pages\/1467","targetHints":{"allow":["GET"]}}],"collection":[{"href":"https:\/\/vision-health.ro\/en\/wp-json\/wp\/v2\/pages"}],"about":[{"href":"https:\/\/vision-health.ro\/en\/wp-json\/wp\/v2\/types\/page"}],"author":[{"embeddable":true,"href":"https:\/\/vision-health.ro\/en\/wp-json\/wp\/v2\/users\/1"}],"replies":[{"embeddable":true,"href":"https:\/\/vision-health.ro\/en\/wp-json\/wp\/v2\/comments?post=1467"}],"version-history":[{"count":15,"href":"https:\/\/vision-health.ro\/en\/wp-json\/wp\/v2\/pages\/1467\/revisions"}],"predecessor-version":[{"id":2981,"href":"https:\/\/vision-health.ro\/en\/wp-json\/wp\/v2\/pages\/1467\/revisions\/2981"}],"wp:attachment":[{"href":"https:\/\/vision-health.ro\/en\/wp-json\/wp\/v2\/media?parent=1467"}],"curies":[{"name":"wp","href":"https:\/\/api.w.org\/{rel}","templated":true}]}}