{"id":28,"date":"2023-09-01T12:34:55","date_gmt":"2023-09-01T12:34:55","guid":{"rendered":"http:\/\/vision.e-trade4you.com\/?page_id=28"},"modified":"2023-11-20T18:15:52","modified_gmt":"2023-11-20T18:15:52","slug":"despre-noi","status":"publish","type":"page","link":"https:\/\/vision-health.ro\/ro\/despre-noi\/","title":{"rendered":"Despre Noi"},"content":{"rendered":"\t\t<div data-elementor-type=\"wp-page\" data-elementor-id=\"28\" class=\"elementor elementor-28\" data-elementor-post-type=\"page\">\n\t\t\t\t<div class=\"elementor-element elementor-element-31158da e-con-full e-flex e-con e-parent\" data-id=\"31158da\" data-element_type=\"container\" data-settings=\"{&quot;background_background&quot;:&quot;classic&quot;}\">\n\t\t\t\t<div class=\"elementor-element elementor-element-3ae30c0 elementor-widget elementor-widget-heading\" data-id=\"3ae30c0\" data-element_type=\"widget\" data-widget_type=\"heading.default\">\n\t\t\t\t<div class=\"elementor-widget-container\">\n\t\t\t<h2 class=\"elementor-heading-title elementor-size-default\">Despre Noi<\/h2>\t\t<\/div>\n\t\t\t\t<\/div>\n\t\t\t\t<\/div>\n\t\t<div class=\"elementor-element elementor-element-50802bc e-flex e-con-boxed e-con e-parent\" data-id=\"50802bc\" data-element_type=\"container\">\n\t\t\t\t\t<div class=\"e-con-inner\">\n\t\t<div class=\"elementor-element elementor-element-0eb80ea e-con-full e-flex e-con e-child\" data-id=\"0eb80ea\" data-element_type=\"container\">\n\t\t\t\t<div class=\"elementor-element elementor-element-ac31fec elementor-widget elementor-widget-image\" data-id=\"ac31fec\" data-element_type=\"widget\" data-widget_type=\"image.default\">\n\t\t\t\t<div class=\"elementor-widget-container\">\n\t\t\t\t\t\t\t\t\t\t\t\t\t<img fetchpriority=\"high\" decoding=\"async\" width=\"1536\" height=\"1152\" src=\"https:\/\/vision-health.ro\/wp-content\/uploads\/2023\/09\/PHOTO-2023-09-20-17-52-13-1536x1152.jpg\" class=\"attachment-1536x1536 size-1536x1536 wp-image-128\" alt=\"\" srcset=\"https:\/\/vision-health.ro\/wp-content\/uploads\/2023\/09\/PHOTO-2023-09-20-17-52-13-1536x1152.jpg 1536w, https:\/\/vision-health.ro\/wp-content\/uploads\/2023\/09\/PHOTO-2023-09-20-17-52-13-300x225.jpg 300w, https:\/\/vision-health.ro\/wp-content\/uploads\/2023\/09\/PHOTO-2023-09-20-17-52-13-1024x768.jpg 1024w, https:\/\/vision-health.ro\/wp-content\/uploads\/2023\/09\/PHOTO-2023-09-20-17-52-13-768x576.jpg 768w, https:\/\/vision-health.ro\/wp-content\/uploads\/2023\/09\/PHOTO-2023-09-20-17-52-13.jpg 1600w\" sizes=\"(max-width: 1536px) 100vw, 1536px\" \/>\t\t\t\t\t\t\t\t\t\t\t\t\t<\/div>\n\t\t\t\t<\/div>\n\t\t\t\t<\/div>\n\t\t<div class=\"elementor-element elementor-element-b41b8e1 e-con-full e-flex e-con e-child\" data-id=\"b41b8e1\" data-element_type=\"container\">\n\t\t\t\t<div class=\"elementor-element elementor-element-bc0db17 elementor-widget elementor-widget-text-editor\" data-id=\"bc0db17\" data-element_type=\"widget\" data-widget_type=\"text-editor.default\">\n\t\t\t\t<div class=\"elementor-widget-container\">\n\t\t\t\t\t\t\t<p><strong><em>Vision Health Center<\/em><\/strong> este un centru de s\u0103n\u0103tate conceput de proprietarul Vision 2009 SRL \u00een 2012. La \u00eenceput s-a deschis cabinetul de \u00a0oftalmologie, apoi din 2018 s-a extins gama serviciilor medicale prin ad\u0103ugarea specializ\u0103rilor de cardiologie \u0219i ortopedie. \u00cen prezent, <strong><em>Vision Health Center<\/em><\/strong> prime\u0219te pacien\u021bii la dou\u0103 puncte de lucru. \u00cen Odorheiu Secuiesc la cabinete medicale din strada Mihai Eminescu, oferim asisten\u021b\u0103 medicala de specialitatea oftalmologie, cardiologie \u0219i ortopedie \u00een fiecare s\u0103pt\u0103m\u00e2n\u0103 cu diverse programe.<\/p><p>Este important c\u0103 fiecare pacient care ne viziteaz\u0103, s\u0103 primeasc\u0103 \u00eengrijiri medicale personalizate, acest obiectiv fiind sus\u021binut \u0219i de speciali\u0219tii no\u0219tri experimenta\u021bi \u0219i de echipamentele de diagnosticare de ultim\u0103 genera\u021bie.<\/p><p>Centrul de spitalizare echipat cu 6 paturi din T\u0103ma\u0219u, ofer\u0103 opera\u021bii \u00een regim de spitalizare de zi, unde speciali\u0219tii no\u0219tri bine preg\u0103ti\u021bi efectueaz\u0103 diverse interven\u021bii chirurgicale oftalmologice pentru probleme precum cataract\u0103, glaucom, patologia pleoapelor, tumorI palpetrale conjunctivale, patologia retinian\u0103, infec\u021biile oculare.<\/p><p>Noi credem \u00een asisten\u021b\u0103 medical\u0103 accesibil\u0103 \u0219i pre\u021buri accesibile, care pune pacientul pe primul loc \u0219i \u00eel face s\u0103 se simt\u0103 minunat.<\/p>\t\t\t\t\t\t<\/div>\n\t\t\t\t<\/div>\n\t\t\t\t<\/div>\n\t\t\t\t\t<\/div>\n\t\t\t\t<\/div>\n\t\t\t\t<\/div>\n\t\t","protected":false},"excerpt":{"rendered":"<p>Vision Health Center este un centru de s\u0103n\u0103tate conceput de proprietarul Vision 2009 SRL \u00een 2012. La \u00eenceput s-a deschis cabinetul de \u00a0oftalmologie, apoi din 2018 s-a extins gama serviciilor medicale prin ad\u0103ugarea specializ\u0103rilor de cardiologie \u0219i ortopedie. \u00cen prezent, Vision Health Center prime\u0219te pacien\u021bii la dou\u0103 puncte de lucru. \u00cen Odorheiu Secuiesc la cabinete [&hellip;]<\/p>\n","protected":false},"author":1,"featured_media":0,"parent":0,"menu_order":0,"comment_status":"closed","ping_status":"closed","template":"","meta":{"footnotes":""},"class_list":["post-28","page","type-page","status-publish","hentry"],"blocksy_meta":[],"_links":{"self":[{"href":"https:\/\/vision-health.ro\/ro\/wp-json\/wp\/v2\/pages\/28","targetHints":{"allow":["GET"]}}],"collection":[{"href":"https:\/\/vision-health.ro\/ro\/wp-json\/wp\/v2\/pages"}],"about":[{"href":"https:\/\/vision-health.ro\/ro\/wp-json\/wp\/v2\/types\/page"}],"author":[{"embeddable":true,"href":"https:\/\/vision-health.ro\/ro\/wp-json\/wp\/v2\/users\/1"}],"replies":[{"embeddable":true,"href":"https:\/\/vision-health.ro\/ro\/wp-json\/wp\/v2\/comments?post=28"}],"version-history":[{"count":0,"href":"https:\/\/vision-health.ro\/ro\/wp-json\/wp\/v2\/pages\/28\/revisions"}],"wp:attachment":[{"href":"https:\/\/vision-health.ro\/ro\/wp-json\/wp\/v2\/media?parent=28"}],"curies":[{"name":"wp","href":"https:\/\/api.w.org\/{rel}","templated":true}]}}