{"id":3056,"date":"2025-01-26T19:12:30","date_gmt":"2025-01-26T19:12:30","guid":{"rendered":"https:\/\/vision-health.ro\/?page_id=3056"},"modified":"2025-01-26T19:58:51","modified_gmt":"2025-01-26T19:58:51","slug":"urologie","status":"publish","type":"page","link":"https:\/\/vision-health.ro\/ro\/urologie\/","title":{"rendered":"Urologie"},"content":{"rendered":"\t\t<div data-elementor-type=\"wp-page\" data-elementor-id=\"3056\" class=\"elementor elementor-3056\" data-elementor-post-type=\"page\">\n\t\t\t\t<div class=\"elementor-element elementor-element-c2e6866 e-con-full e-flex e-con e-parent\" data-id=\"c2e6866\" data-element_type=\"container\" data-settings=\"{&quot;background_background&quot;:&quot;classic&quot;}\">\n\t\t\t\t<div class=\"elementor-element elementor-element-4eecf3f elementor-widget elementor-widget-heading\" data-id=\"4eecf3f\" data-element_type=\"widget\" data-widget_type=\"heading.default\">\n\t\t\t\t<div class=\"elementor-widget-container\">\n\t\t\t<h2 class=\"elementor-heading-title elementor-size-default\">Urologie<\/h2>\t\t<\/div>\n\t\t\t\t<\/div>\n\t\t\t\t<\/div>\n\t\t<div class=\"elementor-element elementor-element-755597e e-flex e-con-boxed e-con e-parent\" data-id=\"755597e\" data-element_type=\"container\">\n\t\t\t\t\t<div class=\"e-con-inner\">\n\t\t<div class=\"elementor-element elementor-element-4cca025 e-con-full e-flex e-con e-child\" data-id=\"4cca025\" data-element_type=\"container\">\n\t\t<div class=\"elementor-element elementor-element-ce76f7c e-con-full e-flex e-con e-child\" data-id=\"ce76f7c\" data-element_type=\"container\" data-settings=\"{&quot;background_background&quot;:&quot;classic&quot;}\">\n\t\t\t\t<div class=\"elementor-element elementor-element-b7a80a0 elementor-view-stacked elementor-shape-circle elementor-position-top elementor-mobile-position-top elementor-widget elementor-widget-icon-box\" data-id=\"b7a80a0\" data-element_type=\"widget\" data-widget_type=\"icon-box.default\">\n\t\t\t\t<div class=\"elementor-widget-container\">\n\t\t\t\t\t<div class=\"elementor-icon-box-wrapper\">\n\n\t\t\t\t\t\t<div class=\"elementor-icon-box-icon\">\n\t\t\t\t<span  class=\"elementor-icon elementor-animation-\">\n\t\t\t\t<i aria-hidden=\"true\" class=\"fas fa-tint\"><\/i>\t\t\t\t<\/span>\n\t\t\t<\/div>\n\t\t\t\n\t\t\t\t\t\t<div class=\"elementor-icon-box-content\">\n\n\t\t\t\t\t\t\t\t\t<h3 class=\"elementor-icon-box-title\">\n\t\t\t\t\t\t<span  >\n\t\t\t\t\t\t\tUrologie\t\t\t\t\t\t<\/span>\n\t\t\t\t\t<\/h3>\n\t\t\t\t\n\t\t\t\t\t\t\t\t\t<p class=\"elementor-icon-box-description\">\n\t\t\t\t\t\tAtunci c\u00e2nd ai probleme la nivelul aparatului urinar este posibil s\u0103 fie nevoie s\u0103 consul\u021bi un medic urolog specializat \u00een astfel de afec\u021biuni. Specialistul nostru v\u0103 st\u0103 la dispozi\u021bie!\t\t\t\t\t<\/p>\n\t\t\t\t\n\t\t\t<\/div>\n\t\t\t\n\t\t<\/div>\n\t\t\t\t<\/div>\n\t\t\t\t<\/div>\n\t\t\t\t<div class=\"elementor-element elementor-element-14eef36 elementor-widget elementor-widget-image\" data-id=\"14eef36\" data-element_type=\"widget\" data-widget_type=\"image.default\">\n\t\t\t\t<div class=\"elementor-widget-container\">\n\t\t\t\t\t\t\t\t\t\t\t\t\t<img fetchpriority=\"high\" decoding=\"async\" width=\"626\" height=\"417\" src=\"https:\/\/vision-health.ro\/wp-content\/uploads\/2025\/01\/urology-1.webp\" class=\"attachment-large size-large wp-image-3001\" alt=\"Urologia konzultacio\" srcset=\"https:\/\/vision-health.ro\/wp-content\/uploads\/2025\/01\/urology-1.webp 626w, https:\/\/vision-health.ro\/wp-content\/uploads\/2025\/01\/urology-1-300x200.webp 300w\" sizes=\"(max-width: 626px) 100vw, 626px\" \/>\t\t\t\t\t\t\t\t\t\t\t\t\t<\/div>\n\t\t\t\t<\/div>\n\t\t\t\t<div class=\"elementor-element elementor-element-ed3da46 elementor-widget elementor-widget-text-editor\" data-id=\"ed3da46\" data-element_type=\"widget\" data-widget_type=\"text-editor.default\">\n\t\t\t\t<div class=\"elementor-widget-container\">\n\t\t\t\t\t\t\t<p><strong>Dr. Luk\u00e1cs Attila<\/strong><\/p>\t\t\t\t\t\t<\/div>\n\t\t\t\t<\/div>\n\t\t\t\t<div class=\"elementor-element elementor-element-79111fb elementor-widget-divider--view-line elementor-widget elementor-widget-divider\" data-id=\"79111fb\" data-element_type=\"widget\" data-widget_type=\"divider.default\">\n\t\t\t\t<div class=\"elementor-widget-container\">\n\t\t\t\t\t<div class=\"elementor-divider\">\n\t\t\t<span class=\"elementor-divider-separator\">\n\t\t\t\t\t\t<\/span>\n\t\t<\/div>\n\t\t\t\t<\/div>\n\t\t\t\t<\/div>\n\t\t\t\t<div class=\"elementor-element elementor-element-3b9e2ba elementor-widget elementor-widget-text-editor\" data-id=\"3b9e2ba\" data-element_type=\"widget\" data-widget_type=\"text-editor.default\">\n\t\t\t\t<div class=\"elementor-widget-container\">\n\t\t\t\t\t\t\t<p><strong>Program de lucru<\/strong>: \u00een fiecare mar\u021bi o dat\u0103 la dou\u0103 s\u0103pt\u0103m\u00e2ni, de la ora 16:00<\/p><p><em>\u00a0<\/em><\/p>\t\t\t\t\t\t<\/div>\n\t\t\t\t<\/div>\n\t\t\t\t<div class=\"elementor-element elementor-element-5df1f27 elementor-align-center elementor-widget elementor-widget-button\" data-id=\"5df1f27\" data-element_type=\"widget\" data-widget_type=\"button.default\">\n\t\t\t\t<div class=\"elementor-widget-container\">\n\t\t\t\t\t\t\t<div class=\"elementor-button-wrapper\">\n\t\t\t\t\t<a class=\"elementor-button elementor-button-link elementor-size-lg\" href=\"#elementor-action%3Aaction%3Dpopup%3Aopen%26settings%3DeyJpZCI6MzA5NiwidG9nZ2xlIjpmYWxzZX0%3D\">\n\t\t\t\t\t\t<span class=\"elementor-button-content-wrapper\">\n\t\t\t\t\t\t\t\t\t<span class=\"elementor-button-text\">Program\u0103ri<\/span>\n\t\t\t\t\t<\/span>\n\t\t\t\t\t<\/a>\n\t\t\t\t<\/div>\n\t\t\t\t\t\t<\/div>\n\t\t\t\t<\/div>\n\t\t\t\t<\/div>\n\t\t\t\t<\/div>\n\t\t<div class=\"elementor-element elementor-element-8e7e3a5 e-con-full e-flex e-con e-child\" data-id=\"8e7e3a5\" data-element_type=\"container\" data-settings=\"{&quot;background_background&quot;:&quot;classic&quot;}\">\n\t\t\t\t<div class=\"elementor-element elementor-element-f2a01a8 elementor-widget elementor-widget-text-editor\" data-id=\"f2a01a8\" data-element_type=\"widget\" data-widget_type=\"text-editor.default\">\n\t\t\t\t<div class=\"elementor-widget-container\">\n\t\t\t\t\t\t\t<p>Urologia este specialitatea medical\u0103 care se ocup\u0103 cu bolile aparatului urinar, at\u00e2t la b\u0103rba\u021bi c\u00e2t \u0219i la femei, care este responsabil pentru producerea \u0219i eliminarea urinei (rinichi, uretere, vezic\u0103 urinar\u0103, uretra), precum \u0219i cu bolile aparatului genital masculin (testicule, epididim, prostat\u0103, canal deferent, vezicule seminale, penis, glande accesorii).<\/p><p>Nu ezita\u021bi s\u0103 ne contacta\u021bi \u00een urm\u0103toarele cazuri:<\/p><ul><li>Probleme urologice generale<\/li><li>Afec\u021biuni ale prostatei<\/li><li>Probleme renale \u0219i ale tractului urinar<\/li><li>Boli \u0219i leziuni ale aparaturii genitale masculine<\/li><\/ul><p><b>Dr. Luk\u00e1cs Attila<\/b>&#8211; medic specialist urolog<\/p><p><strong>Program de lucru<\/strong>: \u00een fiecare mar\u021bi o dat\u0103 la dou\u0103 s\u0103pt\u0103m\u00e2ni, de la ora 16:00<\/p>\t\t\t\t\t\t<\/div>\n\t\t\t\t<\/div>\n\t\t\t\t<\/div>\n\t\t\t\t\t<\/div>\n\t\t\t\t<\/div>\n\t\t\t\t<\/div>\n\t\t","protected":false},"excerpt":{"rendered":"<p>Urologie Atunci c\u00e2nd ai probleme la nivelul aparatului urinar este posibil s\u0103 fie nevoie s\u0103 consul\u021bi un medic urolog specializat \u00een astfel de afec\u021biuni. Specialistul nostru v\u0103 st\u0103 la dispozi\u021bie! Dr. Luk\u00e1cs Attila Program de lucru: \u00een fiecare mar\u021bi o dat\u0103 la dou\u0103 s\u0103pt\u0103m\u00e2ni, de la ora 16:00 \u00a0 Program\u0103ri Urologia este specialitatea medical\u0103 care [&hellip;]<\/p>\n","protected":false},"author":1,"featured_media":0,"parent":0,"menu_order":0,"comment_status":"closed","ping_status":"closed","template":"","meta":{"footnotes":""},"class_list":["post-3056","page","type-page","status-publish","hentry"],"blocksy_meta":[],"_links":{"self":[{"href":"https:\/\/vision-health.ro\/ro\/wp-json\/wp\/v2\/pages\/3056","targetHints":{"allow":["GET"]}}],"collection":[{"href":"https:\/\/vision-health.ro\/ro\/wp-json\/wp\/v2\/pages"}],"about":[{"href":"https:\/\/vision-health.ro\/ro\/wp-json\/wp\/v2\/types\/page"}],"author":[{"embeddable":true,"href":"https:\/\/vision-health.ro\/ro\/wp-json\/wp\/v2\/users\/1"}],"replies":[{"embeddable":true,"href":"https:\/\/vision-health.ro\/ro\/wp-json\/wp\/v2\/comments?post=3056"}],"version-history":[{"count":7,"href":"https:\/\/vision-health.ro\/ro\/wp-json\/wp\/v2\/pages\/3056\/revisions"}],"predecessor-version":[{"id":3102,"href":"https:\/\/vision-health.ro\/ro\/wp-json\/wp\/v2\/pages\/3056\/revisions\/3102"}],"wp:attachment":[{"href":"https:\/\/vision-health.ro\/ro\/wp-json\/wp\/v2\/media?parent=3056"}],"curies":[{"name":"wp","href":"https:\/\/api.w.org\/{rel}","templated":true}]}}