{"id":366,"date":"2023-10-30T17:31:49","date_gmt":"2023-10-30T17:31:49","guid":{"rendered":"https:\/\/vision.e-trade4you.com\/?page_id=366"},"modified":"2024-11-26T10:21:34","modified_gmt":"2024-11-26T10:21:34","slug":"ortopedie","status":"publish","type":"page","link":"https:\/\/vision-health.ro\/ro\/ortopedie\/","title":{"rendered":"Ortopedie"},"content":{"rendered":"\t\t<div data-elementor-type=\"wp-page\" data-elementor-id=\"366\" class=\"elementor elementor-366\" data-elementor-post-type=\"page\">\n\t\t\t\t<div class=\"elementor-element elementor-element-ae1dc4f e-con-full e-flex e-con e-parent\" data-id=\"ae1dc4f\" data-element_type=\"container\" data-settings=\"{&quot;background_background&quot;:&quot;classic&quot;}\">\n\t\t\t\t<div class=\"elementor-element elementor-element-0476238 elementor-widget elementor-widget-heading\" data-id=\"0476238\" data-element_type=\"widget\" data-widget_type=\"heading.default\">\n\t\t\t\t<div class=\"elementor-widget-container\">\n\t\t\t<h2 class=\"elementor-heading-title elementor-size-default\">Ortopedie<\/h2>\t\t<\/div>\n\t\t\t\t<\/div>\n\t\t\t\t<\/div>\n\t\t<div class=\"elementor-element elementor-element-bf5d584 e-flex e-con-boxed e-con e-parent\" data-id=\"bf5d584\" data-element_type=\"container\">\n\t\t\t\t\t<div class=\"e-con-inner\">\n\t\t<div class=\"elementor-element elementor-element-1ce0a3d e-con-full e-flex e-con e-child\" data-id=\"1ce0a3d\" data-element_type=\"container\">\n\t\t<div class=\"elementor-element elementor-element-445ec48 e-con-full e-flex e-con e-child\" data-id=\"445ec48\" data-element_type=\"container\" data-settings=\"{&quot;background_background&quot;:&quot;classic&quot;}\">\n\t\t\t\t<div class=\"elementor-element elementor-element-0a32c89 elementor-view-stacked elementor-shape-circle elementor-position-top elementor-mobile-position-top elementor-widget elementor-widget-icon-box\" data-id=\"0a32c89\" data-element_type=\"widget\" data-widget_type=\"icon-box.default\">\n\t\t\t\t<div class=\"elementor-widget-container\">\n\t\t\t\t\t<div class=\"elementor-icon-box-wrapper\">\n\n\t\t\t\t\t\t<div class=\"elementor-icon-box-icon\">\n\t\t\t\t<span  class=\"elementor-icon elementor-animation-\">\n\t\t\t\t<i aria-hidden=\"true\" class=\"fas fa-user-md\"><\/i>\t\t\t\t<\/span>\n\t\t\t<\/div>\n\t\t\t\n\t\t\t\t\t\t<div class=\"elementor-icon-box-content\">\n\n\t\t\t\t\t\t\t\t\t<h3 class=\"elementor-icon-box-title\">\n\t\t\t\t\t\t<span  >\n\t\t\t\t\t\t\tOrtopedie\t\t\t\t\t\t<\/span>\n\t\t\t\t\t<\/h3>\n\t\t\t\t\n\t\t\t\t\t\t\t\t\t<p class=\"elementor-icon-box-description\">\n\t\t\t\t\t\t\u00cen cazul afec\u021biunilor musculo-scheletice sau a altor afec\u021biuni cu dureri persistente, se recomand\u0103 consultarea unui specialist ortoped. Specialistul nostru v\u0103 st\u0103 la dispozi\u021bie!\t\t\t\t\t<\/p>\n\t\t\t\t\n\t\t\t<\/div>\n\t\t\t\n\t\t<\/div>\n\t\t\t\t<\/div>\n\t\t\t\t<\/div>\n\t\t\t\t<div class=\"elementor-element elementor-element-aee741c elementor-widget elementor-widget-image\" data-id=\"aee741c\" data-element_type=\"widget\" data-widget_type=\"image.default\">\n\t\t\t\t<div class=\"elementor-widget-container\">\n\t\t\t\t\t\t\t\t\t\t\t\t\t<img fetchpriority=\"high\" decoding=\"async\" width=\"1024\" height=\"683\" src=\"https:\/\/vision-health.ro\/wp-content\/uploads\/2023\/10\/prthopedic-background.jpg\" class=\"attachment-large size-large wp-image-264\" alt=\"\" srcset=\"https:\/\/vision-health.ro\/wp-content\/uploads\/2023\/10\/prthopedic-background.jpg 1024w, https:\/\/vision-health.ro\/wp-content\/uploads\/2023\/10\/prthopedic-background-300x200.jpg 300w, https:\/\/vision-health.ro\/wp-content\/uploads\/2023\/10\/prthopedic-background-768x512.jpg 768w\" sizes=\"(max-width: 1024px) 100vw, 1024px\" \/>\t\t\t\t\t\t\t\t\t\t\t\t\t<\/div>\n\t\t\t\t<\/div>\n\t\t\t\t<div class=\"elementor-element elementor-element-6bd22f9 elementor-widget elementor-widget-text-editor\" data-id=\"6bd22f9\" data-element_type=\"widget\" data-widget_type=\"text-editor.default\">\n\t\t\t\t<div class=\"elementor-widget-container\">\n\t\t\t\t\t\t\t<p><strong>Dr. Sarkadi Levente<\/strong><\/p>\t\t\t\t\t\t<\/div>\n\t\t\t\t<\/div>\n\t\t\t\t<div class=\"elementor-element elementor-element-00277d8 elementor-widget elementor-widget-text-editor\" data-id=\"00277d8\" data-element_type=\"widget\" data-widget_type=\"text-editor.default\">\n\t\t\t\t<div class=\"elementor-widget-container\">\n\t\t\t\t\t\t\t<p><strong>Dr. Gergely Istv\u00e1n<\/strong><\/p>\t\t\t\t\t\t<\/div>\n\t\t\t\t<\/div>\n\t\t\t\t<div class=\"elementor-element elementor-element-0d4e096 elementor-widget elementor-widget-text-editor\" data-id=\"0d4e096\" data-element_type=\"widget\" data-widget_type=\"text-editor.default\">\n\t\t\t\t<div class=\"elementor-widget-container\">\n\t\t\t\t\t\t\t<p><strong>Dr. Kov\u00e1cs Gy\u00f6rgy<\/strong><\/p>\t\t\t\t\t\t<\/div>\n\t\t\t\t<\/div>\n\t\t\t\t<div class=\"elementor-element elementor-element-8f48a09 elementor-widget-divider--view-line elementor-widget elementor-widget-divider\" data-id=\"8f48a09\" data-element_type=\"widget\" data-widget_type=\"divider.default\">\n\t\t\t\t<div class=\"elementor-widget-container\">\n\t\t\t\t\t<div class=\"elementor-divider\">\n\t\t\t<span class=\"elementor-divider-separator\">\n\t\t\t\t\t\t<\/span>\n\t\t<\/div>\n\t\t\t\t<\/div>\n\t\t\t\t<\/div>\n\t\t\t\t<div class=\"elementor-element elementor-element-b7f7a8a elementor-widget elementor-widget-text-editor\" data-id=\"b7f7a8a\" data-element_type=\"widget\" data-widget_type=\"text-editor.default\">\n\t\t\t\t<div class=\"elementor-widget-container\">\n\t\t\t\t\t\t\t<p><em>Program: Mar\u021bi de la ora 16:00<\/em><\/p>\t\t\t\t\t\t<\/div>\n\t\t\t\t<\/div>\n\t\t\t\t<div class=\"elementor-element elementor-element-5cb788c elementor-align-center elementor-widget elementor-widget-button\" data-id=\"5cb788c\" data-element_type=\"widget\" data-widget_type=\"button.default\">\n\t\t\t\t<div class=\"elementor-widget-container\">\n\t\t\t\t\t\t\t<div class=\"elementor-button-wrapper\">\n\t\t\t\t\t<a class=\"elementor-button elementor-button-link elementor-size-lg\" href=\"#elementor-action%3Aaction%3Dpopup%3Aopen%26settings%3DeyJpZCI6MjA1NiwidG9nZ2xlIjpmYWxzZX0%3D\">\n\t\t\t\t\t\t<span class=\"elementor-button-content-wrapper\">\n\t\t\t\t\t\t\t\t\t<span class=\"elementor-button-text\">Programare consulta\u021bie<\/span>\n\t\t\t\t\t<\/span>\n\t\t\t\t\t<\/a>\n\t\t\t\t<\/div>\n\t\t\t\t\t\t<\/div>\n\t\t\t\t<\/div>\n\t\t\t\t<\/div>\n\t\t\t\t<\/div>\n\t\t<div class=\"elementor-element elementor-element-0765516 e-con-full e-flex e-con e-child\" data-id=\"0765516\" data-element_type=\"container\" data-settings=\"{&quot;background_background&quot;:&quot;classic&quot;}\">\n\t\t\t\t<div class=\"elementor-element elementor-element-b9617a3 elementor-widget elementor-widget-text-editor\" data-id=\"b9617a3\" data-element_type=\"widget\" data-widget_type=\"text-editor.default\">\n\t\t\t\t<div class=\"elementor-widget-container\">\n\t\t\t\t\t\t\t<p>Ortopedia se ocup\u0103 cu preven\u021bia, diagnosticul \u0219i tratamentul afec\u021biunilor congenitale \u0219i dob\u00e2ndite ale sistemului musculo-scheletal prin metode chirurgicale, farmaceutice, fizioterapeutice \u0219i fizice.<\/p><p>Printre simptomele frecvente ale afectiunilor sistemului musculo-scheletal care pot fi diagnosticate si tratate in cadrul specialitatii de ortopedie se numara:<\/p><ul><li>Durerea de genunchi<\/li><li>Durerea de sold<\/li><li>Durerea la nivelul cotului \u0219i \u00eencheieturii m\u00e2inii<\/li><li>Durerile de spate si coloana cervical\u0103<\/li><li>Durerile de um\u0103r<\/li><\/ul><p>Servicii:<\/p><ul><li>Consulta\u021bie ortopedic\u0103<\/li><li>Control<\/li><li>Injec\u021bie intraarticular\u0103 cu acid hialuronic<\/li><li>Injec\u021bie intraarticular\u0103 PRP (cu plasm\u0103 \u00eenbog\u0103\u021bit\u0103 cu trombocite)<\/li><li>Injec\u021bie corticosteroizi<\/li><li>Aparat gipsat membru superior<\/li><li>Aparat gipsat membru inferior<\/li><li>Aplicare band\u0103 kineziologic\u0103<\/li><\/ul><p><b>Dr. Sarkadi Levente<\/b> &#8211; Medic Ortoped traumatolog<br \/><b>Dr. Gergely Istv\u00e1n<\/b> &#8211; Medic primar \u0219ef ortoped-traumatolog, Lector univ.<br \/><b>Dr. Kov\u00e1cs Gy\u00f6rgy<\/b> &#8211; Medic primar \u0219ef ortoped-traumatolog, Prof. Univ.<br \/><br \/><b>Program: <\/b>Mar\u021bi de la ora 16:00<b><\/b><\/p>\t\t\t\t\t\t<\/div>\n\t\t\t\t<\/div>\n\t\t\t\t<\/div>\n\t\t\t\t\t<\/div>\n\t\t\t\t<\/div>\n\t\t\t\t<\/div>\n\t\t","protected":false},"excerpt":{"rendered":"<p>Ortopedie \u00cen cazul afec\u021biunilor musculo-scheletice sau a altor afec\u021biuni cu dureri persistente, se recomand\u0103 consultarea unui specialist ortoped. Specialistul nostru v\u0103 st\u0103 la dispozi\u021bie! Dr. Sarkadi Levente Dr. Gergely Istv\u00e1n Dr. Kov\u00e1cs Gy\u00f6rgy Program: Mar\u021bi de la ora 16:00 Programare consulta\u021bie Ortopedia se ocup\u0103 cu preven\u021bia, diagnosticul \u0219i tratamentul afec\u021biunilor congenitale \u0219i dob\u00e2ndite ale sistemului [&hellip;]<\/p>\n","protected":false},"author":1,"featured_media":0,"parent":0,"menu_order":0,"comment_status":"closed","ping_status":"closed","template":"","meta":{"footnotes":""},"class_list":["post-366","page","type-page","status-publish","hentry"],"blocksy_meta":[],"_links":{"self":[{"href":"https:\/\/vision-health.ro\/ro\/wp-json\/wp\/v2\/pages\/366","targetHints":{"allow":["GET"]}}],"collection":[{"href":"https:\/\/vision-health.ro\/ro\/wp-json\/wp\/v2\/pages"}],"about":[{"href":"https:\/\/vision-health.ro\/ro\/wp-json\/wp\/v2\/types\/page"}],"author":[{"embeddable":true,"href":"https:\/\/vision-health.ro\/ro\/wp-json\/wp\/v2\/users\/1"}],"replies":[{"embeddable":true,"href":"https:\/\/vision-health.ro\/ro\/wp-json\/wp\/v2\/comments?post=366"}],"version-history":[{"count":15,"href":"https:\/\/vision-health.ro\/ro\/wp-json\/wp\/v2\/pages\/366\/revisions"}],"predecessor-version":[{"id":2975,"href":"https:\/\/vision-health.ro\/ro\/wp-json\/wp\/v2\/pages\/366\/revisions\/2975"}],"wp:attachment":[{"href":"https:\/\/vision-health.ro\/ro\/wp-json\/wp\/v2\/media?parent=366"}],"curies":[{"name":"wp","href":"https:\/\/api.w.org\/{rel}","templated":true}]}}