{"id":383,"date":"2023-10-30T17:47:54","date_gmt":"2023-10-30T17:47:54","guid":{"rendered":"https:\/\/vision.e-trade4you.com\/?page_id=383"},"modified":"2023-11-17T12:05:38","modified_gmt":"2023-11-17T12:05:38","slug":"cardiologie","status":"publish","type":"page","link":"https:\/\/vision-health.ro\/ro\/cardiologie\/","title":{"rendered":"Cardiologie"},"content":{"rendered":"\t\t<div data-elementor-type=\"wp-page\" data-elementor-id=\"383\" class=\"elementor elementor-383\" data-elementor-post-type=\"page\">\n\t\t\t\t<div class=\"elementor-element elementor-element-fdb4704 e-con-full e-flex e-con e-parent\" data-id=\"fdb4704\" data-element_type=\"container\" data-settings=\"{&quot;background_background&quot;:&quot;classic&quot;}\">\n\t\t\t\t<div class=\"elementor-element elementor-element-73dcbc5 elementor-widget elementor-widget-heading\" data-id=\"73dcbc5\" data-element_type=\"widget\" data-widget_type=\"heading.default\">\n\t\t\t\t<div class=\"elementor-widget-container\">\n\t\t\t<h2 class=\"elementor-heading-title elementor-size-default\">Cardiologie<\/h2>\t\t<\/div>\n\t\t\t\t<\/div>\n\t\t\t\t<\/div>\n\t\t<div class=\"elementor-element elementor-element-347775a e-flex e-con-boxed e-con e-parent\" data-id=\"347775a\" data-element_type=\"container\">\n\t\t\t\t\t<div class=\"e-con-inner\">\n\t\t<div class=\"elementor-element elementor-element-7132b7f e-con-full e-flex e-con e-child\" data-id=\"7132b7f\" data-element_type=\"container\">\n\t\t<div class=\"elementor-element elementor-element-8c067df e-flex e-con-boxed e-con e-child\" data-id=\"8c067df\" data-element_type=\"container\" data-settings=\"{&quot;background_background&quot;:&quot;classic&quot;}\">\n\t\t\t\t\t<div class=\"e-con-inner\">\n\t\t\t\t<div class=\"elementor-element elementor-element-265c89c elementor-view-stacked elementor-shape-circle elementor-position-top elementor-mobile-position-top elementor-widget elementor-widget-icon-box\" data-id=\"265c89c\" data-element_type=\"widget\" data-widget_type=\"icon-box.default\">\n\t\t\t\t<div class=\"elementor-widget-container\">\n\t\t\t\t\t<div class=\"elementor-icon-box-wrapper\">\n\n\t\t\t\t\t\t<div class=\"elementor-icon-box-icon\">\n\t\t\t\t<span  class=\"elementor-icon elementor-animation-\">\n\t\t\t\t<i aria-hidden=\"true\" class=\"fas fa-hand-holding-heart\"><\/i>\t\t\t\t<\/span>\n\t\t\t<\/div>\n\t\t\t\n\t\t\t\t\t\t<div class=\"elementor-icon-box-content\">\n\n\t\t\t\t\t\t\t\t\t<h3 class=\"elementor-icon-box-title\">\n\t\t\t\t\t\t<span  >\n\t\t\t\t\t\t\tCardiologie\t\t\t\t\t\t<\/span>\n\t\t\t\t\t<\/h3>\n\t\t\t\t\n\t\t\t\t\t\t\t\t\t<p class=\"elementor-icon-box-description\">\n\t\t\t\t\t\t\u00cen cazul unor simptome care sugereaz\u0103 o boal\u0103 cardiovascular\u0103, se recomand\u0103 consultarea unui cardiolog. Clinica noastr\u0103 ambulatorie ofer\u0103 screening imediat, diagnostic \u0219i tratament eficient al problemelor cardiovasculare. Specialistul nostru v\u0103 st\u0103 la dispozi\u021bie!\t\t\t\t\t<\/p>\n\t\t\t\t\n\t\t\t<\/div>\n\t\t\t\n\t\t<\/div>\n\t\t\t\t<\/div>\n\t\t\t\t<\/div>\n\t\t\t\t<div class=\"elementor-element elementor-element-8954f84 elementor-widget elementor-widget-image\" data-id=\"8954f84\" data-element_type=\"widget\" data-widget_type=\"image.default\">\n\t\t\t\t<div class=\"elementor-widget-container\">\n\t\t\t\t\t\t\t\t\t\t\t\t\t<img fetchpriority=\"high\" decoding=\"async\" width=\"1024\" height=\"674\" src=\"https:\/\/vision-health.ro\/wp-content\/uploads\/2023\/10\/heartcare-1024x674.jpg\" class=\"attachment-large size-large wp-image-268\" alt=\"\" srcset=\"https:\/\/vision-health.ro\/wp-content\/uploads\/2023\/10\/heartcare-1024x674.jpg 1024w, https:\/\/vision-health.ro\/wp-content\/uploads\/2023\/10\/heartcare-300x197.jpg 300w, https:\/\/vision-health.ro\/wp-content\/uploads\/2023\/10\/heartcare-768x505.jpg 768w, https:\/\/vision-health.ro\/wp-content\/uploads\/2023\/10\/heartcare-1536x1011.jpg 1536w, https:\/\/vision-health.ro\/wp-content\/uploads\/2023\/10\/heartcare.jpg 1900w\" sizes=\"(max-width: 1024px) 100vw, 1024px\" \/>\t\t\t\t\t\t\t\t\t\t\t\t\t<\/div>\n\t\t\t\t<\/div>\n\t\t\t\t<div class=\"elementor-element elementor-element-f58cf6b elementor-widget elementor-widget-text-editor\" data-id=\"f58cf6b\" data-element_type=\"widget\" data-widget_type=\"text-editor.default\">\n\t\t\t\t<div class=\"elementor-widget-container\">\n\t\t\t\t\t\t\t<strong>Dr. Kov\u00e1cs Istv\u00e1n<\/strong><br \/>Medic primar cardiolog \t\t\t\t\t\t<\/div>\n\t\t\t\t<\/div>\n\t\t\t\t<div class=\"elementor-element elementor-element-ea5d8f2 elementor-widget-divider--view-line elementor-widget elementor-widget-divider\" data-id=\"ea5d8f2\" data-element_type=\"widget\" data-widget_type=\"divider.default\">\n\t\t\t\t<div class=\"elementor-widget-container\">\n\t\t\t\t\t<div class=\"elementor-divider\">\n\t\t\t<span class=\"elementor-divider-separator\">\n\t\t\t\t\t\t<\/span>\n\t\t<\/div>\n\t\t\t\t<\/div>\n\t\t\t\t<\/div>\n\t\t\t\t<div class=\"elementor-element elementor-element-05cf3a3 elementor-widget elementor-widget-text-editor\" data-id=\"05cf3a3\" data-element_type=\"widget\" data-widget_type=\"text-editor.default\">\n\t\t\t\t<div class=\"elementor-widget-container\">\n\t\t\t\t\t\t\t<p><em>Program: Joi de la ora 14:00<\/em><\/p>\t\t\t\t\t\t<\/div>\n\t\t\t\t<\/div>\n\t\t\t\t<div class=\"elementor-element elementor-element-7519c66 elementor-align-center elementor-widget elementor-widget-button\" data-id=\"7519c66\" data-element_type=\"widget\" data-widget_type=\"button.default\">\n\t\t\t\t<div class=\"elementor-widget-container\">\n\t\t\t\t\t\t\t<div class=\"elementor-button-wrapper\">\n\t\t\t\t\t<a class=\"elementor-button elementor-button-link elementor-size-lg\" href=\"#elementor-action%3Aaction%3Dpopup%3Aopen%26settings%3DeyJpZCI6MTQxNCwidG9nZ2xlIjpmYWxzZX0%3D\">\n\t\t\t\t\t\t<span class=\"elementor-button-content-wrapper\">\n\t\t\t\t\t\t\t\t\t<span class=\"elementor-button-text\">Programare consulta\u021bie<\/span>\n\t\t\t\t\t<\/span>\n\t\t\t\t\t<\/a>\n\t\t\t\t<\/div>\n\t\t\t\t\t\t<\/div>\n\t\t\t\t<\/div>\n\t\t<div class=\"elementor-element elementor-element-9a130c3 e-flex e-con-boxed e-con e-child\" data-id=\"9a130c3\" data-element_type=\"container\" data-settings=\"{&quot;background_background&quot;:&quot;classic&quot;}\">\n\t\t\t\t\t<div class=\"e-con-inner\">\n\t\t<div class=\"elementor-element elementor-element-18d5657 e-con-full e-flex e-con e-child\" data-id=\"18d5657\" data-element_type=\"container\">\n\t\t\t\t<div class=\"elementor-element elementor-element-e3a8130 elementor-widget elementor-widget-image\" data-id=\"e3a8130\" data-element_type=\"widget\" data-widget_type=\"image.default\">\n\t\t\t\t<div class=\"elementor-widget-container\">\n\t\t\t\t\t\t\t\t\t\t\t\t\t<img decoding=\"async\" width=\"70\" height=\"35\" src=\"https:\/\/vision-health.ro\/wp-content\/uploads\/2023\/11\/nyil-lefele-small.png\" class=\"attachment-large size-large wp-image-631\" alt=\"\" \/>\t\t\t\t\t\t\t\t\t\t\t\t\t<\/div>\n\t\t\t\t<\/div>\n\t\t\t\t<\/div>\n\t\t<div class=\"elementor-element elementor-element-12b424a e-flex e-con-boxed e-con e-child\" data-id=\"12b424a\" data-element_type=\"container\">\n\t\t\t\t\t<div class=\"e-con-inner\">\n\t\t\t\t<div class=\"elementor-element elementor-element-7de06fd elementor-widget elementor-widget-heading\" data-id=\"7de06fd\" data-element_type=\"widget\" data-widget_type=\"heading.default\">\n\t\t\t\t<div class=\"elementor-widget-container\">\n\t\t\t<h4 class=\"elementor-heading-title elementor-size-default\">Partener<\/h4>\t\t<\/div>\n\t\t\t\t<\/div>\n\t\t\t\t\t<\/div>\n\t\t\t\t<\/div>\n\t\t\t\t\t<\/div>\n\t\t\t\t<\/div>\n\t\t<div class=\"elementor-element elementor-element-ba4006b e-flex e-con-boxed e-con e-child\" data-id=\"ba4006b\" data-element_type=\"container\">\n\t\t\t\t\t<div class=\"e-con-inner\">\n\t\t\t\t<div class=\"elementor-element elementor-element-b93c4ce elementor-widget-divider--view-line elementor-widget elementor-widget-divider\" data-id=\"b93c4ce\" data-element_type=\"widget\" data-widget_type=\"divider.default\">\n\t\t\t\t<div class=\"elementor-widget-container\">\n\t\t\t\t\t<div class=\"elementor-divider\">\n\t\t\t<span class=\"elementor-divider-separator\">\n\t\t\t\t\t\t<\/span>\n\t\t<\/div>\n\t\t\t\t<\/div>\n\t\t\t\t<\/div>\n\t\t\t\t<div class=\"elementor-element elementor-element-37b0e09 elementor-widget elementor-widget-text-editor\" data-id=\"37b0e09\" data-element_type=\"widget\" data-widget_type=\"text-editor.default\">\n\t\t\t\t<div class=\"elementor-widget-container\">\n\t\t\t\t\t\t\t<strong>Medical Centre Cardiomed T\u00e2rgu Mure\u0219<\/strong><br \/>\n<strong>web:<\/strong> <a href=\"https:\/\/cardiomedtgm.ro\/\" target=\"_blank\" rel=\"noopener\">https:\/\/cardiomedtgm.ro\/<\/a><br \/>\n<strong>Adresa \/ Contact<\/strong><br \/>\nB-dul 22 Decembrie 1989, Nr. 76, T\u00e2rgu Mure\u0219<br \/>\n\nTel. \/ Fax. 0265-217333, Mobil: 0771-480881\t\t\t\t\t\t<\/div>\n\t\t\t\t<\/div>\n\t\t\t\t<div class=\"elementor-element elementor-element-1505cb1 elementor-widget-divider--view-line elementor-widget elementor-widget-divider\" data-id=\"1505cb1\" data-element_type=\"widget\" data-widget_type=\"divider.default\">\n\t\t\t\t<div class=\"elementor-widget-container\">\n\t\t\t\t\t<div class=\"elementor-divider\">\n\t\t\t<span class=\"elementor-divider-separator\">\n\t\t\t\t\t\t<\/span>\n\t\t<\/div>\n\t\t\t\t<\/div>\n\t\t\t\t<\/div>\n\t\t<div class=\"elementor-element elementor-element-daf7963 e-flex e-con-boxed e-con e-child\" data-id=\"daf7963\" data-element_type=\"container\">\n\t\t\t\t\t<div class=\"e-con-inner\">\n\t\t<div class=\"elementor-element elementor-element-10b7576 e-flex e-con-boxed e-con e-child\" data-id=\"10b7576\" data-element_type=\"container\">\n\t\t\t\t\t<div class=\"e-con-inner\">\n\t\t\t\t<div class=\"elementor-element elementor-element-6e5ed7c elementor-widget elementor-widget-image\" data-id=\"6e5ed7c\" data-element_type=\"widget\" data-widget_type=\"image.default\">\n\t\t\t\t<div class=\"elementor-widget-container\">\n\t\t\t\t\t\t\t\t\t\t\t\t\t<img decoding=\"async\" width=\"337\" height=\"118\" src=\"https:\/\/vision-health.ro\/wp-content\/uploads\/2023\/11\/logo-cardiomed-anmcs.png\" class=\"attachment-large size-large wp-image-1065\" alt=\"cardiomed\" srcset=\"https:\/\/vision-health.ro\/wp-content\/uploads\/2023\/11\/logo-cardiomed-anmcs.png 337w, https:\/\/vision-health.ro\/wp-content\/uploads\/2023\/11\/logo-cardiomed-anmcs-300x105.png 300w\" sizes=\"(max-width: 337px) 100vw, 337px\" \/>\t\t\t\t\t\t\t\t\t\t\t\t\t<\/div>\n\t\t\t\t<\/div>\n\t\t\t\t\t<\/div>\n\t\t\t\t<\/div>\n\t\t<div class=\"elementor-element elementor-element-1f1779f e-flex e-con-boxed e-con e-child\" data-id=\"1f1779f\" data-element_type=\"container\">\n\t\t\t\t\t<div class=\"e-con-inner\">\n\t\t\t\t<div class=\"elementor-element elementor-element-0d68f20 elementor-widget elementor-widget-text-editor\" data-id=\"0d68f20\" data-element_type=\"widget\" data-widget_type=\"text-editor.default\">\n\t\t\t\t<div class=\"elementor-widget-container\">\n\t\t\t\t\t\t\t<p><a href=\"https:\/\/www.cardiomedtgm.ro\/servicii-medicale\/cardiologie\/\" target=\"_blank\" rel=\"noopener\">Cardiologie<\/a><br \/><a href=\"https:\/\/www.cardiomedtgm.ro\/servicii-medicale\/cardiologie-interventionala\/\" target=\"_blank\" rel=\"noopener\">Cardiologie interventionala<\/a><br \/><a href=\"https:\/\/www.cardiomedtgm.ro\/servicii-medicale\/imagistica-medicala\/\" target=\"_blank\" rel=\"noopener\">Imagistica medicala<\/a><br \/><a href=\"https:\/\/www.cardiomedtgm.ro\/servicii-medicale\/electrofiziologie\/\" target=\"_blank\" rel=\"noopener\">Electrofiziologie<\/a><br \/><a href=\"https:\/\/www.cardiomedtgm.ro\/servicii-medicale\/laborator-de-analize-medicale\/\" target=\"_blank\" rel=\"noopener\">Laborator de analize medicale<\/a><\/p>\t\t\t\t\t\t<\/div>\n\t\t\t\t<\/div>\n\t\t\t\t\t<\/div>\n\t\t\t\t<\/div>\n\t\t\t\t\t<\/div>\n\t\t\t\t<\/div>\n\t\t\t\t\t<\/div>\n\t\t\t\t<\/div>\n\t\t\t\t\t<\/div>\n\t\t\t\t<\/div>\n\t\t\t\t<\/div>\n\t\t<div class=\"elementor-element elementor-element-7909d87 e-con-full e-flex e-con e-child\" data-id=\"7909d87\" data-element_type=\"container\" data-settings=\"{&quot;background_background&quot;:&quot;classic&quot;}\">\n\t\t\t\t<div class=\"elementor-element elementor-element-81aa2ec elementor-widget elementor-widget-text-editor\" data-id=\"81aa2ec\" data-element_type=\"widget\" data-widget_type=\"text-editor.default\">\n\t\t\t\t<div class=\"elementor-widget-container\">\n\t\t\t\t\t\t\t<p>\u00cen regiunea noastr\u0103, principala cauz\u0103 a deceselor este boala cardiovascular\u0103. Aproximativ 70% din decese pot fi atribuite acestei cauze.<\/p><p><em>C\u00e2nd ar trebui s\u0103 consult un cardiolog?<\/em><\/p><p>Dac\u0103 cineva prezint\u0103 simptome sugestive pentru o afec\u021biune cardiac\u0103, este recomandat s\u0103 consulte un cardiolog. Simptomele care pot indica probleme cardiace includ:<\/p><ul><li>Orice tip de durere \u00een piept<\/li><li>Dispnee (dificultate de respira\u021bie)<\/li><li>Senza\u021bie de b\u0103t\u0103i rapide ale inimii (regulate sau neregulate)<\/li><li>Pierderea st\u0103rii de con\u0219tien\u021b\u0103 de orice fel (le\u0219in)<\/li><li>Dureri la nivelul picioarelor ap\u0103rute \u00een timpul mersului<\/li><li>Extremit\u0103\u021bi reci<\/li><li>Ame\u021beal\u0103<\/li><li>Hipertensiune arterial\u0103<\/li><li>Afec\u021biuni ale valvei inimii<\/li><\/ul><p>De asemenea, este important s\u0103 solicita\u021bi o evaluare cardiologic\u0103 \u00een urm\u0103toarele cazuri:<\/p><ul><li>Dac\u0103 exist\u0103 o istorie familial\u0103 de boli cardiovasculare<\/li><li>\u00cen cazul diabetului, uneori f\u0103r\u0103 simptome care ar indica probleme cardiace.<\/li><\/ul><p><strong>Servicii disponibile:<\/strong><\/p><ul><li>Consult cardiologic<\/li><li>Examen EKG de repaus cu 12 deriva\u021bii<\/li><li>Echografie cardiac\u0103<\/li><li>Evaluare a riscului cardiovascular<\/li><li>Pute\u021bi solicita expertiz\u0103 \u00een cardiologie interven\u021bional\u0103:<ul><li>Investigarea bolilor coronariene \u2013 expertiz\u0103 legat\u0103 de coronarografie, imagistic\u0103 intravascular\u0103 \u0219i implantarea stenturilor<\/li><li>expertiz\u0103 electrofiziologic\u0103 \u00een caz de aritmie<\/li><li>Expertiz\u0103 legat\u0103 de dispozitive implantabile (stimulator cardiac, defibrilator, resincronizare)<\/li><\/ul><\/li><li>Expertiz\u0103 legat\u0103 de imagistic\u0103 non-invaziv\u0103 (coronarografie CT, rezonan\u021b\u0103 magnetic\u0103 cardiac\u0103)<\/li><li>Monitorizare Holter (EKG pe o durat\u0103 de 24 de ore)<\/li><li>Control<\/li><\/ul><p><strong>Dr. Kov\u00e1cs Istv\u00e1n<\/strong> \u2013 Medic primar cardiolog \/ Competen\u021be \u00een cardiologie interven\u021bional\u0103, Electrofiziologie, Stimulatoare (pacemaker) \u0219i defibrilatoare cardiace implantabile \/ \u0218ef de lucr\u0103ri (UMFST)<\/p><p><strong>Program de lucru<\/strong>: Joi de la ora 14:00<\/p>\t\t\t\t\t\t<\/div>\n\t\t\t\t<\/div>\n\t\t\t\t<\/div>\n\t\t\t\t\t<\/div>\n\t\t\t\t<\/div>\n\t\t\t\t<\/div>\n\t\t","protected":false},"excerpt":{"rendered":"<p>Cardiologie \u00cen cazul unor simptome care sugereaz\u0103 o boal\u0103 cardiovascular\u0103, se recomand\u0103 consultarea unui cardiolog. Clinica noastr\u0103 ambulatorie ofer\u0103 screening imediat, diagnostic \u0219i tratament eficient al problemelor cardiovasculare. Specialistul nostru v\u0103 st\u0103 la dispozi\u021bie! Dr. Kov\u00e1cs Istv\u00e1nMedic primar cardiolog Program: Joi de la ora 14:00 Programare consulta\u021bie Partener Medical Centre Cardiomed T\u00e2rgu Mure\u0219 web: https:\/\/cardiomedtgm.ro\/ [&hellip;]<\/p>\n","protected":false},"author":1,"featured_media":0,"parent":0,"menu_order":0,"comment_status":"closed","ping_status":"closed","template":"","meta":{"footnotes":""},"class_list":["post-383","page","type-page","status-publish","hentry"],"blocksy_meta":[],"_links":{"self":[{"href":"https:\/\/vision-health.ro\/ro\/wp-json\/wp\/v2\/pages\/383","targetHints":{"allow":["GET"]}}],"collection":[{"href":"https:\/\/vision-health.ro\/ro\/wp-json\/wp\/v2\/pages"}],"about":[{"href":"https:\/\/vision-health.ro\/ro\/wp-json\/wp\/v2\/types\/page"}],"author":[{"embeddable":true,"href":"https:\/\/vision-health.ro\/ro\/wp-json\/wp\/v2\/users\/1"}],"replies":[{"embeddable":true,"href":"https:\/\/vision-health.ro\/ro\/wp-json\/wp\/v2\/comments?post=383"}],"version-history":[{"count":0,"href":"https:\/\/vision-health.ro\/ro\/wp-json\/wp\/v2\/pages\/383\/revisions"}],"wp:attachment":[{"href":"https:\/\/vision-health.ro\/ro\/wp-json\/wp\/v2\/media?parent=383"}],"curies":[{"name":"wp","href":"https:\/\/api.w.org\/{rel}","templated":true}]}}