{"id":714,"date":"2023-11-01T12:01:09","date_gmt":"2023-11-01T12:01:09","guid":{"rendered":"https:\/\/vision.e-trade4you.com\/?page_id=714"},"modified":"2023-11-16T08:18:17","modified_gmt":"2023-11-16T08:18:17","slug":"optica-medicala","status":"publish","type":"page","link":"https:\/\/vision-health.ro\/ro\/optica-medicala\/","title":{"rendered":"Optica Medical\u0103"},"content":{"rendered":"\t\t<div data-elementor-type=\"wp-page\" data-elementor-id=\"714\" class=\"elementor elementor-714\" data-elementor-post-type=\"page\">\n\t\t\t\t<div class=\"elementor-element elementor-element-e78fe32 e-con-full e-flex e-con e-parent\" data-id=\"e78fe32\" data-element_type=\"container\" data-settings=\"{&quot;background_background&quot;:&quot;classic&quot;}\">\n\t\t\t\t<div class=\"elementor-element elementor-element-0a289e9 elementor-widget elementor-widget-heading\" data-id=\"0a289e9\" data-element_type=\"widget\" data-widget_type=\"heading.default\">\n\t\t\t\t<div class=\"elementor-widget-container\">\n\t\t\t<h2 class=\"elementor-heading-title elementor-size-default\">Optica Medical\u0103<\/h2>\t\t<\/div>\n\t\t\t\t<\/div>\n\t\t\t\t<\/div>\n\t\t<div class=\"elementor-element elementor-element-23bda24 e-flex e-con-boxed e-con e-parent\" data-id=\"23bda24\" data-element_type=\"container\">\n\t\t\t\t\t<div class=\"e-con-inner\">\n\t\t<div class=\"elementor-element elementor-element-1f4d9a6 e-con-full e-flex e-con e-child\" data-id=\"1f4d9a6\" data-element_type=\"container\" data-settings=\"{&quot;background_background&quot;:&quot;classic&quot;}\">\n\t\t<div class=\"elementor-element elementor-element-0f4c506 e-flex e-con-boxed e-con e-child\" data-id=\"0f4c506\" data-element_type=\"container\">\n\t\t\t\t\t<div class=\"e-con-inner\">\n\t\t<div class=\"elementor-element elementor-element-a716296 e-flex e-con-boxed e-con e-child\" data-id=\"a716296\" data-element_type=\"container\" data-settings=\"{&quot;background_background&quot;:&quot;classic&quot;}\">\n\t\t\t\t\t<div class=\"e-con-inner\">\n\t\t<div class=\"elementor-element elementor-element-a40db61 e-con-full e-flex e-con e-child\" data-id=\"a40db61\" data-element_type=\"container\">\n\t\t\t\t<div class=\"elementor-element elementor-element-7d76ecf elementor-widget elementor-widget-image\" data-id=\"7d76ecf\" data-element_type=\"widget\" data-widget_type=\"image.default\">\n\t\t\t\t<div class=\"elementor-widget-container\">\n\t\t\t\t\t\t\t\t\t\t\t\t\t<img decoding=\"async\" width=\"70\" height=\"35\" src=\"https:\/\/vision-health.ro\/wp-content\/uploads\/2023\/11\/nyil-lefele-small.png\" class=\"attachment-large size-large wp-image-631\" alt=\"\" \/>\t\t\t\t\t\t\t\t\t\t\t\t\t<\/div>\n\t\t\t\t<\/div>\n\t\t\t\t<\/div>\n\t\t<div class=\"elementor-element elementor-element-7e58d34 e-flex e-con-boxed e-con e-child\" data-id=\"7e58d34\" data-element_type=\"container\">\n\t\t\t\t\t<div class=\"e-con-inner\">\n\t\t\t\t<div class=\"elementor-element elementor-element-fb71fdf elementor-widget elementor-widget-heading\" data-id=\"fb71fdf\" data-element_type=\"widget\" data-widget_type=\"heading.default\">\n\t\t\t\t<div class=\"elementor-widget-container\">\n\t\t\t<h5 class=\"elementor-heading-title elementor-size-default\">Specialit\u0103\u021bi<\/h5>\t\t<\/div>\n\t\t\t\t<\/div>\n\t\t\t\t\t<\/div>\n\t\t\t\t<\/div>\n\t\t\t\t\t<\/div>\n\t\t\t\t<\/div>\n\t\t\t\t\t<\/div>\n\t\t\t\t<\/div>\n\t\t\t\t<div class=\"elementor-element elementor-element-a303304 elementor-nav-menu__align-justify elementor-nav-menu--dropdown-tablet elementor-nav-menu__text-align-aside elementor-nav-menu--toggle elementor-nav-menu--burger elementor-widget elementor-widget-nav-menu\" data-id=\"a303304\" data-element_type=\"widget\" data-settings=\"{&quot;layout&quot;:&quot;vertical&quot;,&quot;submenu_icon&quot;:{&quot;value&quot;:&quot;&lt;i class=\\&quot;fas fa-caret-down\\&quot;&gt;&lt;\\\/i&gt;&quot;,&quot;library&quot;:&quot;fa-solid&quot;},&quot;toggle&quot;:&quot;burger&quot;}\" data-widget_type=\"nav-menu.default\">\n\t\t\t\t<div class=\"elementor-widget-container\">\n\t\t\t\t\t\t<nav aria-label=\"Meniu\" class=\"elementor-nav-menu--main elementor-nav-menu__container elementor-nav-menu--layout-vertical e--pointer-background e--animation-fade\">\n\t\t\t\t<ul id=\"menu-1-a303304\" class=\"elementor-nav-menu sm-vertical\"><li class=\"menu-item menu-item-type-post_type menu-item-object-page menu-item-619\"><a href=\"https:\/\/vision-health.ro\/ro\/ortopedie\/\" class=\"elementor-item\">Ortopedie<\/a><\/li>\n<li class=\"menu-item menu-item-type-post_type menu-item-object-page menu-item-618\"><a href=\"https:\/\/vision-health.ro\/ro\/cardiologie\/\" class=\"elementor-item\">Cardiologie<\/a><\/li>\n<li class=\"menu-item menu-item-type-post_type menu-item-object-page menu-item-617\"><a href=\"https:\/\/vision-health.ro\/ro\/oftalmologie\/\" class=\"elementor-item\">Oftalmologie<\/a><\/li>\n<li class=\"menu-item menu-item-type-post_type menu-item-object-page menu-item-3107\"><a href=\"https:\/\/vision-health.ro\/ro\/urologie\/\" class=\"elementor-item\">Urologie<\/a><\/li>\n<\/ul>\t\t\t<\/nav>\n\t\t\t\t\t<div class=\"elementor-menu-toggle\" role=\"button\" tabindex=\"0\" aria-label=\"Menu Toggle\" aria-expanded=\"false\">\n\t\t\t<i aria-hidden=\"true\" role=\"presentation\" class=\"elementor-menu-toggle__icon--open eicon-menu-bar\"><\/i><i aria-hidden=\"true\" role=\"presentation\" class=\"elementor-menu-toggle__icon--close eicon-close\"><\/i>\t\t\t<span class=\"elementor-screen-only\">Meniu<\/span>\n\t\t<\/div>\n\t\t\t\t\t<nav class=\"elementor-nav-menu--dropdown elementor-nav-menu__container\" aria-hidden=\"true\">\n\t\t\t\t<ul id=\"menu-2-a303304\" class=\"elementor-nav-menu sm-vertical\"><li class=\"menu-item menu-item-type-post_type menu-item-object-page menu-item-619\"><a href=\"https:\/\/vision-health.ro\/ro\/ortopedie\/\" class=\"elementor-item\" tabindex=\"-1\">Ortopedie<\/a><\/li>\n<li class=\"menu-item menu-item-type-post_type menu-item-object-page menu-item-618\"><a href=\"https:\/\/vision-health.ro\/ro\/cardiologie\/\" class=\"elementor-item\" tabindex=\"-1\">Cardiologie<\/a><\/li>\n<li class=\"menu-item menu-item-type-post_type menu-item-object-page menu-item-617\"><a href=\"https:\/\/vision-health.ro\/ro\/oftalmologie\/\" class=\"elementor-item\" tabindex=\"-1\">Oftalmologie<\/a><\/li>\n<li class=\"menu-item menu-item-type-post_type menu-item-object-page menu-item-3107\"><a href=\"https:\/\/vision-health.ro\/ro\/urologie\/\" class=\"elementor-item\" tabindex=\"-1\">Urologie<\/a><\/li>\n<\/ul>\t\t\t<\/nav>\n\t\t\t\t<\/div>\n\t\t\t\t<\/div>\n\t\t\t\t<div class=\"elementor-element elementor-element-e848336 elementor-widget-divider--view-line elementor-widget elementor-widget-divider\" data-id=\"e848336\" data-element_type=\"widget\" data-widget_type=\"divider.default\">\n\t\t\t\t<div class=\"elementor-widget-container\">\n\t\t\t\t\t<div class=\"elementor-divider\">\n\t\t\t<span class=\"elementor-divider-separator\">\n\t\t\t\t\t\t<\/span>\n\t\t<\/div>\n\t\t\t\t<\/div>\n\t\t\t\t<\/div>\n\t\t\t\t<div class=\"elementor-element elementor-element-1a6142a elementor-align-justify elementor-widget elementor-widget-button\" data-id=\"1a6142a\" data-element_type=\"widget\" data-widget_type=\"button.default\">\n\t\t\t\t<div class=\"elementor-widget-container\">\n\t\t\t\t\t\t\t<div class=\"elementor-button-wrapper\">\n\t\t\t\t\t<a class=\"elementor-button elementor-button-link elementor-size-sm\" href=\"#elementor-action%3Aaction%3Dpopup%3Aopen%26settings%3DeyJpZCI6MTQxNCwidG9nZ2xlIjpmYWxzZX0%3D\">\n\t\t\t\t\t\t<span class=\"elementor-button-content-wrapper\">\n\t\t\t\t\t\t\t\t\t<span class=\"elementor-button-text\">PROGRAM\u0102RI<\/span>\n\t\t\t\t\t<\/span>\n\t\t\t\t\t<\/a>\n\t\t\t\t<\/div>\n\t\t\t\t\t\t<\/div>\n\t\t\t\t<\/div>\n\t\t\t\t<div class=\"elementor-element elementor-element-a4d0355 elementor-widget elementor-widget-heading\" data-id=\"a4d0355\" data-element_type=\"widget\" data-widget_type=\"heading.default\">\n\t\t\t\t<div class=\"elementor-widget-container\">\n\t\t\t<h5 class=\"elementor-heading-title elementor-size-default\">Sz\u0151ke - T\u00fcnde J\u00e1zminka<\/h5>\t\t<\/div>\n\t\t\t\t<\/div>\n\t\t\t\t<div class=\"elementor-element elementor-element-85aa514 elementor-widget elementor-widget-text-editor\" data-id=\"85aa514\" data-element_type=\"widget\" data-widget_type=\"text-editor.default\">\n\t\t\t\t<div class=\"elementor-widget-container\">\n\t\t\t\t\t\t\t<p>Optician<\/p>\t\t\t\t\t\t<\/div>\n\t\t\t\t<\/div>\n\t\t\t\t<div class=\"elementor-element elementor-element-5616507 elementor-widget-divider--view-line elementor-widget elementor-widget-divider\" data-id=\"5616507\" data-element_type=\"widget\" data-widget_type=\"divider.default\">\n\t\t\t\t<div class=\"elementor-widget-container\">\n\t\t\t\t\t<div class=\"elementor-divider\">\n\t\t\t<span class=\"elementor-divider-separator\">\n\t\t\t\t\t\t<\/span>\n\t\t<\/div>\n\t\t\t\t<\/div>\n\t\t\t\t<\/div>\n\t\t<div class=\"elementor-element elementor-element-94a5a98 e-flex e-con-boxed e-con e-child\" data-id=\"94a5a98\" data-element_type=\"container\">\n\t\t\t\t\t<div class=\"e-con-inner\">\n\t\t<div class=\"elementor-element elementor-element-3f7f9fb e-flex e-con-boxed e-con e-child\" data-id=\"3f7f9fb\" data-element_type=\"container\">\n\t\t\t\t\t<div class=\"e-con-inner\">\n\t\t\t\t<div class=\"elementor-element elementor-element-064cf52 elementor-icon-list--layout-inline elementor-align-center elementor-list-item-link-full_width elementor-widget elementor-widget-icon-list\" data-id=\"064cf52\" data-element_type=\"widget\" data-widget_type=\"icon-list.default\">\n\t\t\t\t<div class=\"elementor-widget-container\">\n\t\t\t\t\t<ul class=\"elementor-icon-list-items elementor-inline-items\">\n\t\t\t\t\t\t\t<li class=\"elementor-icon-list-item elementor-inline-item\">\n\t\t\t\t\t\t\t\t\t\t\t<span class=\"elementor-icon-list-icon\">\n\t\t\t\t\t\t\t<i aria-hidden=\"true\" class=\"fas fa-phone-volume\"><\/i>\t\t\t\t\t\t<\/span>\n\t\t\t\t\t\t\t\t\t\t<span class=\"elementor-icon-list-text\">+40758 560 015<\/span>\n\t\t\t\t\t\t\t\t\t<\/li>\n\t\t\t\t\t\t<\/ul>\n\t\t\t\t<\/div>\n\t\t\t\t<\/div>\n\t\t\t\t\t<\/div>\n\t\t\t\t<\/div>\n\t\t\t\t\t<\/div>\n\t\t\t\t<\/div>\n\t\t\t\t<div class=\"elementor-element elementor-element-aee50b5 elementor-widget elementor-widget-image\" data-id=\"aee50b5\" data-element_type=\"widget\" data-widget_type=\"image.default\">\n\t\t\t\t<div class=\"elementor-widget-container\">\n\t\t\t\t\t\t\t\t\t\t\t\t\t<img fetchpriority=\"high\" decoding=\"async\" width=\"1024\" height=\"683\" src=\"https:\/\/vision-health.ro\/wp-content\/uploads\/2023\/11\/4.1800.1591275107-d0e-1-1024x683.webp\" class=\"attachment-large size-large wp-image-2030\" alt=\"Vision-Szempont Szemuveg\" srcset=\"https:\/\/vision-health.ro\/wp-content\/uploads\/2023\/11\/4.1800.1591275107-d0e-1-1024x683.webp 1024w, https:\/\/vision-health.ro\/wp-content\/uploads\/2023\/11\/4.1800.1591275107-d0e-1-300x200.webp 300w, https:\/\/vision-health.ro\/wp-content\/uploads\/2023\/11\/4.1800.1591275107-d0e-1-768x512.webp 768w, https:\/\/vision-health.ro\/wp-content\/uploads\/2023\/11\/4.1800.1591275107-d0e-1-1536x1024.webp 1536w, https:\/\/vision-health.ro\/wp-content\/uploads\/2023\/11\/4.1800.1591275107-d0e-1.webp 1800w\" sizes=\"(max-width: 1024px) 100vw, 1024px\" \/>\t\t\t\t\t\t\t\t\t\t\t\t\t<\/div>\n\t\t\t\t<\/div>\n\t\t\t\t<\/div>\n\t\t<div class=\"elementor-element elementor-element-1e16a5b e-flex e-con-boxed e-con e-child\" data-id=\"1e16a5b\" data-element_type=\"container\" data-settings=\"{&quot;background_background&quot;:&quot;classic&quot;}\">\n\t\t\t\t\t<div class=\"e-con-inner\">\n\t\t\t\t<div class=\"elementor-element elementor-element-d6e87c2 elementor-widget elementor-widget-heading\" data-id=\"d6e87c2\" data-element_type=\"widget\" data-widget_type=\"heading.default\">\n\t\t\t\t<div class=\"elementor-widget-container\">\n\t\t\t<h3 class=\"elementor-heading-title elementor-size-default\">SZEMPONT - Optic\u0103 medical\u0103<\/h3>\t\t<\/div>\n\t\t\t\t<\/div>\n\t\t\t\t<div class=\"elementor-element elementor-element-d8f1fa2 elementor-widget elementor-widget-text-editor\" data-id=\"d8f1fa2\" data-element_type=\"widget\" data-widget_type=\"text-editor.default\">\n\t\t\t\t<div class=\"elementor-widget-container\">\n\t\t\t\t\t\t\t<p>Pe l\u00e2ng\u0103 serviciile de oftalmologie, echipa noastr\u0103 v\u0103 pune la dispozi\u021bie \u0219i servicii complete de optic\u0103 medical\u0103, const\u00e2nd \u00een produse de calitate superioar\u0103 care s\u0103 corespund\u0103 nevoilor dumneavoastr\u0103. \u00cen magazinul de optic\u0103 medical\u0103 pacien\u021bii no\u0219tri pot g\u0103si:<\/p><ul><li>rame diverse, din cele mai bune materiale, produse de firme consecrate<\/li><li>lentile cu tratament antireflex multistrat, cu tratament anti-zg\u00e2rietur\u0103<\/li><li>lentile cu tratament oleofob \u0219i hidrofob<\/li><li>lentile monofocale, bifocale, progresive, lentile progresive pentru munca de birou (degresive)<\/li><li>lentile cu protec\u021bie pentru calculator<\/li><li>lentile de contact (sferice, torice, progresive) \u0219i solu\u021bii pentru p\u0103strarea lor<\/li><li>accesorii pentru ochelari- tocuri, lavete, solu\u021bii de cur\u0103\u021bare, l\u0103n\u021bi\u0219oare<\/li><li>lacrimi artificiale, unguente \u0219i multivitamine pentru afec\u021biunile oculare<\/li><\/ul>\t\t\t\t\t\t<\/div>\n\t\t\t\t<\/div>\n\t\t<div class=\"elementor-element elementor-element-cb53af8 e-flex e-con-boxed e-con e-child\" data-id=\"cb53af8\" data-element_type=\"container\">\n\t\t\t\t\t<div class=\"e-con-inner\">\n\t\t<div class=\"elementor-element elementor-element-415452a e-flex e-con-boxed e-con e-child\" data-id=\"415452a\" data-element_type=\"container\">\n\t\t\t\t\t<div class=\"e-con-inner\">\n\t\t<div class=\"elementor-element elementor-element-0f565d0 e-flex e-con-boxed e-con e-child\" data-id=\"0f565d0\" data-element_type=\"container\" data-settings=\"{&quot;background_background&quot;:&quot;classic&quot;}\">\n\t\t\t\t\t<div class=\"e-con-inner\">\n\t\t<div class=\"elementor-element elementor-element-94caa3b e-con-full e-flex e-con e-child\" data-id=\"94caa3b\" data-element_type=\"container\">\n\t\t\t\t<div class=\"elementor-element elementor-element-96f45c1 elementor-widget__width-auto elementor-widget elementor-widget-image\" data-id=\"96f45c1\" data-element_type=\"widget\" data-widget_type=\"image.default\">\n\t\t\t\t<div class=\"elementor-widget-container\">\n\t\t\t\t\t\t\t\t\t\t\t\t\t<img decoding=\"async\" width=\"70\" height=\"35\" src=\"https:\/\/vision-health.ro\/wp-content\/uploads\/2023\/11\/nyil-lefele-small.png\" class=\"attachment-large size-large wp-image-631\" alt=\"\" \/>\t\t\t\t\t\t\t\t\t\t\t\t\t<\/div>\n\t\t\t\t<\/div>\n\t\t\t\t<\/div>\n\t\t<div class=\"elementor-element elementor-element-124bb42 e-flex e-con-boxed e-con e-child\" data-id=\"124bb42\" data-element_type=\"container\">\n\t\t\t\t\t<div class=\"e-con-inner\">\n\t\t\t\t<div class=\"elementor-element elementor-element-246da14 elementor-widget__width-initial elementor-widget elementor-widget-heading\" data-id=\"246da14\" data-element_type=\"widget\" data-widget_type=\"heading.default\">\n\t\t\t\t<div class=\"elementor-widget-container\">\n\t\t\t<h3 class=\"elementor-heading-title elementor-size-default\">Galerie Foto<\/h3>\t\t<\/div>\n\t\t\t\t<\/div>\n\t\t\t\t\t<\/div>\n\t\t\t\t<\/div>\n\t\t\t\t\t<\/div>\n\t\t\t\t<\/div>\n\t\t\t\t<div class=\"elementor-element elementor-element-bf17a51 elementor-widget elementor-widget-gallery\" data-id=\"bf17a51\" data-element_type=\"widget\" data-settings=\"{&quot;columns&quot;:2,&quot;lazyload&quot;:&quot;yes&quot;,&quot;gallery_layout&quot;:&quot;grid&quot;,&quot;columns_tablet&quot;:2,&quot;columns_mobile&quot;:1,&quot;gap&quot;:{&quot;unit&quot;:&quot;px&quot;,&quot;size&quot;:10,&quot;sizes&quot;:[]},&quot;gap_tablet&quot;:{&quot;unit&quot;:&quot;px&quot;,&quot;size&quot;:10,&quot;sizes&quot;:[]},&quot;gap_mobile&quot;:{&quot;unit&quot;:&quot;px&quot;,&quot;size&quot;:10,&quot;sizes&quot;:[]},&quot;link_to&quot;:&quot;file&quot;,&quot;aspect_ratio&quot;:&quot;3:2&quot;,&quot;overlay_background&quot;:&quot;yes&quot;,&quot;content_hover_animation&quot;:&quot;fade-in&quot;}\" data-widget_type=\"gallery.default\">\n\t\t\t\t<div class=\"elementor-widget-container\">\n\t\t\t\t\t<div class=\"elementor-gallery__container\">\n\t\t\t\t\t\t\t<a class=\"e-gallery-item elementor-gallery-item elementor-animated-content\" href=\"https:\/\/vision-health.ro\/wp-content\/uploads\/2023\/09\/20230921_110333-scaled.jpg\" data-elementor-open-lightbox=\"yes\" data-elementor-lightbox-slideshow=\"bf17a51\" data-elementor-lightbox-title=\"20230921_110333\" data-e-action-hash=\"#elementor-action%3Aaction%3Dlightbox%26settings%3DeyJpZCI6OTcsInVybCI6Imh0dHBzOlwvXC92aXNpb24taGVhbHRoLnJvXC93cC1jb250ZW50XC91cGxvYWRzXC8yMDIzXC8wOVwvMjAyMzA5MjFfMTEwMzMzLXNjYWxlZC5qcGciLCJzbGlkZXNob3ciOiJiZjE3YTUxIn0%3D\">\n\t\t\t\t\t<div class=\"e-gallery-image elementor-gallery-item__image\" data-thumbnail=\"https:\/\/vision-health.ro\/wp-content\/uploads\/2023\/09\/20230921_110333-300x135.jpg\" data-width=\"300\" data-height=\"135\" aria-label=\"\" role=\"img\" ><\/div>\n\t\t\t\t\t\t\t\t\t\t\t<div class=\"elementor-gallery-item__overlay\"><\/div>\n\t\t\t\t\t\t\t\t\t\t\t\t\t\t<\/a>\n\t\t\t\t\t\t\t<a class=\"e-gallery-item elementor-gallery-item elementor-animated-content\" href=\"https:\/\/vision-health.ro\/wp-content\/uploads\/2023\/11\/20231109_130825-scaled.jpg\" data-elementor-open-lightbox=\"yes\" data-elementor-lightbox-slideshow=\"bf17a51\" data-elementor-lightbox-title=\"20231109_130825\" data-e-action-hash=\"#elementor-action%3Aaction%3Dlightbox%26settings%3DeyJpZCI6MjMwMSwidXJsIjoiaHR0cHM6XC9cL3Zpc2lvbi1oZWFsdGgucm9cL3dwLWNvbnRlbnRcL3VwbG9hZHNcLzIwMjNcLzExXC8yMDIzMTEwOV8xMzA4MjUtc2NhbGVkLmpwZyIsInNsaWRlc2hvdyI6ImJmMTdhNTEifQ%3D%3D\">\n\t\t\t\t\t<div class=\"e-gallery-image elementor-gallery-item__image\" data-thumbnail=\"https:\/\/vision-health.ro\/wp-content\/uploads\/2023\/11\/20231109_130825-300x135.jpg\" data-width=\"300\" data-height=\"135\" aria-label=\"Orvosi Optika- Vision Health\" role=\"img\" ><\/div>\n\t\t\t\t\t\t\t\t\t\t\t<div class=\"elementor-gallery-item__overlay\"><\/div>\n\t\t\t\t\t\t\t\t\t\t\t\t\t\t<\/a>\n\t\t\t\t\t<\/div>\n\t\t\t<\/div>\n\t\t\t\t<\/div>\n\t\t\t\t\t<\/div>\n\t\t\t\t<\/div>\n\t\t\t\t\t<\/div>\n\t\t\t\t<\/div>\n\t\t\t\t\t<\/div>\n\t\t\t\t<\/div>\n\t\t\t\t\t<\/div>\n\t\t\t\t<\/div>\n\t\t\t\t<\/div>\n\t\t","protected":false},"excerpt":{"rendered":"<p>Specialit\u0103\u021bi PROGRAM\u0102RI Sz\u0151ke &#8211; T\u00fcnde J\u00e1zminka Optician +40758 560 015 SZEMPONT &#8211; Optic\u0103 medical\u0103 Pe l\u00e2ng\u0103 serviciile de oftalmologie, echipa noastr\u0103 v\u0103 pune la dispozi\u021bie \u0219i servicii complete de optic\u0103 medical\u0103, const\u00e2nd \u00een produse de calitate superioar\u0103 care s\u0103 corespund\u0103 nevoilor dumneavoastr\u0103. \u00cen magazinul de optic\u0103 medical\u0103 pacien\u021bii no\u0219tri pot g\u0103si: rame diverse, din cele [&hellip;]<\/p>\n","protected":false},"author":1,"featured_media":0,"parent":0,"menu_order":0,"comment_status":"closed","ping_status":"closed","template":"","meta":{"footnotes":""},"class_list":["post-714","page","type-page","status-publish","hentry"],"blocksy_meta":[],"_links":{"self":[{"href":"https:\/\/vision-health.ro\/ro\/wp-json\/wp\/v2\/pages\/714","targetHints":{"allow":["GET"]}}],"collection":[{"href":"https:\/\/vision-health.ro\/ro\/wp-json\/wp\/v2\/pages"}],"about":[{"href":"https:\/\/vision-health.ro\/ro\/wp-json\/wp\/v2\/types\/page"}],"author":[{"embeddable":true,"href":"https:\/\/vision-health.ro\/ro\/wp-json\/wp\/v2\/users\/1"}],"replies":[{"embeddable":true,"href":"https:\/\/vision-health.ro\/ro\/wp-json\/wp\/v2\/comments?post=714"}],"version-history":[{"count":0,"href":"https:\/\/vision-health.ro\/ro\/wp-json\/wp\/v2\/pages\/714\/revisions"}],"wp:attachment":[{"href":"https:\/\/vision-health.ro\/ro\/wp-json\/wp\/v2\/media?parent=714"}],"curies":[{"name":"wp","href":"https:\/\/api.w.org\/{rel}","templated":true}]}}