{"id":827,"date":"2023-11-01T20:03:20","date_gmt":"2023-11-01T20:03:20","guid":{"rendered":"https:\/\/vision.e-trade4you.com\/?page_id=827"},"modified":"2023-11-03T13:01:31","modified_gmt":"2023-11-03T13:01:31","slug":"planuri-de-viitor","status":"publish","type":"page","link":"https:\/\/vision-health.ro\/ro\/planuri-de-viitor\/","title":{"rendered":"Planuri de viitor"},"content":{"rendered":"\t\t<div data-elementor-type=\"wp-page\" data-elementor-id=\"827\" class=\"elementor elementor-827\" data-elementor-post-type=\"page\">\n\t\t\t\t<div class=\"elementor-element elementor-element-d5b1486 e-con-full e-flex e-con e-parent\" data-id=\"d5b1486\" data-element_type=\"container\" data-settings=\"{&quot;background_background&quot;:&quot;classic&quot;}\">\n\t\t\t\t<div class=\"elementor-element elementor-element-7a2b237 elementor-widget elementor-widget-heading\" data-id=\"7a2b237\" data-element_type=\"widget\" data-widget_type=\"heading.default\">\n\t\t\t\t<div class=\"elementor-widget-container\">\n\t\t\t<h2 class=\"elementor-heading-title elementor-size-default\">Planuri de viitor<\/h2>\t\t<\/div>\n\t\t\t\t<\/div>\n\t\t\t\t<\/div>\n\t\t<div class=\"elementor-element elementor-element-fae5585 e-flex e-con-boxed e-con e-parent\" data-id=\"fae5585\" data-element_type=\"container\">\n\t\t\t\t\t<div class=\"e-con-inner\">\n\t\t<div class=\"elementor-element elementor-element-b892c5d e-con-full e-flex e-con e-child\" data-id=\"b892c5d\" data-element_type=\"container\" data-settings=\"{&quot;background_background&quot;:&quot;classic&quot;}\">\n\t\t<div class=\"elementor-element elementor-element-2b3926d e-flex e-con-boxed e-con e-child\" data-id=\"2b3926d\" data-element_type=\"container\">\n\t\t\t\t\t<div class=\"e-con-inner\">\n\t\t<div class=\"elementor-element elementor-element-fd3092d e-flex e-con-boxed e-con e-child\" data-id=\"fd3092d\" data-element_type=\"container\" data-settings=\"{&quot;background_background&quot;:&quot;classic&quot;}\">\n\t\t\t\t\t<div class=\"e-con-inner\">\n\t\t<div class=\"elementor-element elementor-element-c069e22 e-con-full e-flex e-con e-child\" data-id=\"c069e22\" data-element_type=\"container\">\n\t\t\t\t<div class=\"elementor-element elementor-element-0f960c6 elementor-widget elementor-widget-image\" data-id=\"0f960c6\" data-element_type=\"widget\" data-widget_type=\"image.default\">\n\t\t\t\t<div class=\"elementor-widget-container\">\n\t\t\t\t\t\t\t\t\t\t\t\t\t<img decoding=\"async\" width=\"70\" height=\"35\" src=\"https:\/\/vision-health.ro\/wp-content\/uploads\/2023\/11\/nyil-lefele-small.png\" class=\"attachment-large size-large wp-image-631\" alt=\"\" \/>\t\t\t\t\t\t\t\t\t\t\t\t\t<\/div>\n\t\t\t\t<\/div>\n\t\t\t\t<\/div>\n\t\t<div class=\"elementor-element elementor-element-f4e3fa7 e-flex e-con-boxed e-con e-child\" data-id=\"f4e3fa7\" data-element_type=\"container\">\n\t\t\t\t\t<div class=\"e-con-inner\">\n\t\t\t\t<div class=\"elementor-element elementor-element-f898000 elementor-widget elementor-widget-heading\" data-id=\"f898000\" data-element_type=\"widget\" data-widget_type=\"heading.default\">\n\t\t\t\t<div class=\"elementor-widget-container\">\n\t\t\t<h5 class=\"elementor-heading-title elementor-size-default\">Specialit\u0103\u021bi<\/h5>\t\t<\/div>\n\t\t\t\t<\/div>\n\t\t\t\t\t<\/div>\n\t\t\t\t<\/div>\n\t\t\t\t\t<\/div>\n\t\t\t\t<\/div>\n\t\t\t\t\t<\/div>\n\t\t\t\t<\/div>\n\t\t\t\t<div class=\"elementor-element elementor-element-5a0118a elementor-nav-menu__align-justify elementor-nav-menu--dropdown-tablet elementor-nav-menu__text-align-aside elementor-nav-menu--toggle elementor-nav-menu--burger elementor-widget elementor-widget-nav-menu\" data-id=\"5a0118a\" data-element_type=\"widget\" data-settings=\"{&quot;layout&quot;:&quot;vertical&quot;,&quot;submenu_icon&quot;:{&quot;value&quot;:&quot;&lt;i class=\\&quot;fas fa-caret-down\\&quot;&gt;&lt;\\\/i&gt;&quot;,&quot;library&quot;:&quot;fa-solid&quot;},&quot;toggle&quot;:&quot;burger&quot;}\" data-widget_type=\"nav-menu.default\">\n\t\t\t\t<div class=\"elementor-widget-container\">\n\t\t\t\t\t\t<nav aria-label=\"Meniu\" class=\"elementor-nav-menu--main elementor-nav-menu__container elementor-nav-menu--layout-vertical e--pointer-background e--animation-fade\">\n\t\t\t\t<ul id=\"menu-1-5a0118a\" class=\"elementor-nav-menu sm-vertical\"><li class=\"menu-item menu-item-type-post_type menu-item-object-page menu-item-619\"><a href=\"https:\/\/vision-health.ro\/ro\/ortopedie\/\" class=\"elementor-item\">Ortopedie<\/a><\/li>\n<li class=\"menu-item menu-item-type-post_type menu-item-object-page menu-item-618\"><a href=\"https:\/\/vision-health.ro\/ro\/cardiologie\/\" class=\"elementor-item\">Cardiologie<\/a><\/li>\n<li class=\"menu-item menu-item-type-post_type menu-item-object-page menu-item-617\"><a href=\"https:\/\/vision-health.ro\/ro\/oftalmologie\/\" class=\"elementor-item\">Oftalmologie<\/a><\/li>\n<li class=\"menu-item menu-item-type-post_type menu-item-object-page menu-item-3107\"><a href=\"https:\/\/vision-health.ro\/ro\/urologie\/\" class=\"elementor-item\">Urologie<\/a><\/li>\n<\/ul>\t\t\t<\/nav>\n\t\t\t\t\t<div class=\"elementor-menu-toggle\" role=\"button\" tabindex=\"0\" aria-label=\"Menu Toggle\" aria-expanded=\"false\">\n\t\t\t<i aria-hidden=\"true\" role=\"presentation\" class=\"elementor-menu-toggle__icon--open eicon-menu-bar\"><\/i><i aria-hidden=\"true\" role=\"presentation\" class=\"elementor-menu-toggle__icon--close eicon-close\"><\/i>\t\t\t<span class=\"elementor-screen-only\">Meniu<\/span>\n\t\t<\/div>\n\t\t\t\t\t<nav class=\"elementor-nav-menu--dropdown elementor-nav-menu__container\" aria-hidden=\"true\">\n\t\t\t\t<ul id=\"menu-2-5a0118a\" class=\"elementor-nav-menu sm-vertical\"><li class=\"menu-item menu-item-type-post_type menu-item-object-page menu-item-619\"><a href=\"https:\/\/vision-health.ro\/ro\/ortopedie\/\" class=\"elementor-item\" tabindex=\"-1\">Ortopedie<\/a><\/li>\n<li class=\"menu-item menu-item-type-post_type menu-item-object-page menu-item-618\"><a href=\"https:\/\/vision-health.ro\/ro\/cardiologie\/\" class=\"elementor-item\" tabindex=\"-1\">Cardiologie<\/a><\/li>\n<li class=\"menu-item menu-item-type-post_type menu-item-object-page menu-item-617\"><a href=\"https:\/\/vision-health.ro\/ro\/oftalmologie\/\" class=\"elementor-item\" tabindex=\"-1\">Oftalmologie<\/a><\/li>\n<li class=\"menu-item menu-item-type-post_type menu-item-object-page menu-item-3107\"><a href=\"https:\/\/vision-health.ro\/ro\/urologie\/\" class=\"elementor-item\" tabindex=\"-1\">Urologie<\/a><\/li>\n<\/ul>\t\t\t<\/nav>\n\t\t\t\t<\/div>\n\t\t\t\t<\/div>\n\t\t\t\t<div class=\"elementor-element elementor-element-573839e elementor-widget-divider--view-line elementor-widget elementor-widget-divider\" data-id=\"573839e\" data-element_type=\"widget\" data-widget_type=\"divider.default\">\n\t\t\t\t<div class=\"elementor-widget-container\">\n\t\t\t\t\t<div class=\"elementor-divider\">\n\t\t\t<span class=\"elementor-divider-separator\">\n\t\t\t\t\t\t<\/span>\n\t\t<\/div>\n\t\t\t\t<\/div>\n\t\t\t\t<\/div>\n\t\t\t\t<div class=\"elementor-element elementor-element-cbe3078 elementor-align-justify elementor-widget elementor-widget-button\" data-id=\"cbe3078\" data-element_type=\"widget\" data-widget_type=\"button.default\">\n\t\t\t\t<div class=\"elementor-widget-container\">\n\t\t\t\t\t\t\t<div class=\"elementor-button-wrapper\">\n\t\t\t\t\t<a class=\"elementor-button elementor-button-link elementor-size-sm\" href=\"#elementor-action%3Aaction%3Dpopup%3Aopen%26settings%3DeyJpZCI6MTQxNCwidG9nZ2xlIjpmYWxzZX0%3D\">\n\t\t\t\t\t\t<span class=\"elementor-button-content-wrapper\">\n\t\t\t\t\t\t\t\t\t<span class=\"elementor-button-text\">PROGRAM\u0102RI<\/span>\n\t\t\t\t\t<\/span>\n\t\t\t\t\t<\/a>\n\t\t\t\t<\/div>\n\t\t\t\t\t\t<\/div>\n\t\t\t\t<\/div>\n\t\t\t\t<\/div>\n\t\t<div class=\"elementor-element elementor-element-84fa4f5 e-flex e-con-boxed e-con e-child\" data-id=\"84fa4f5\" data-element_type=\"container\" data-settings=\"{&quot;background_background&quot;:&quot;classic&quot;}\">\n\t\t\t\t\t<div class=\"e-con-inner\">\n\t\t\t\t<div class=\"elementor-element elementor-element-7575ba2 elementor-widget elementor-widget-heading\" data-id=\"7575ba2\" data-element_type=\"widget\" data-widget_type=\"heading.default\">\n\t\t\t\t<div class=\"elementor-widget-container\">\n\t\t\t<h3 class=\"elementor-heading-title elementor-size-default\">Planuri de viitor<\/h3>\t\t<\/div>\n\t\t\t\t<\/div>\n\t\t\t\t<div class=\"elementor-element elementor-element-b55817a elementor-widget elementor-widget-text-editor\" data-id=\"b55817a\" data-element_type=\"widget\" data-widget_type=\"text-editor.default\">\n\t\t\t\t<div class=\"elementor-widget-container\">\n\t\t\t\t\t\t\t<p>Vision 2009 S.R.L. \u00ee\u0219i propune s\u0103 devin\u0103 o firm\u0103 de renume \u00een urm\u0103torii cinci ani, at\u00e2t la nivel na\u021bional, c\u00e2t \u0219i european, \u00een domeniul s\u0103n\u0103t\u0103\u021bii, cercetare \u0219i inova\u021bie \u00een serviciul cet\u0103\u021benilor cu un impact pozitiv \u00een sfera actelor medicale de calitate oferite.<\/p><p>Scopul nostru este de a crea o infrastructur\u0103 modern\u0103 \u00een slujba pacien\u021bilor suferinzi de cancer, situat\u0103 \u00een Rom\u00e2nia, jude\u021bul Harghita, dotat\u0103 cu echipamente de ultim\u0103 genera\u021bie.<\/p>\t\t\t\t\t\t<\/div>\n\t\t\t\t<\/div>\n\t\t<div class=\"elementor-element elementor-element-4b98b2a e-flex e-con-boxed e-con e-child\" data-id=\"4b98b2a\" data-element_type=\"container\">\n\t\t\t\t\t<div class=\"e-con-inner\">\n\t\t<div class=\"elementor-element elementor-element-4df9d0d e-flex e-con-boxed e-con e-child\" data-id=\"4df9d0d\" data-element_type=\"container\">\n\t\t\t\t\t<div class=\"e-con-inner\">\n\t\t<div class=\"elementor-element elementor-element-3bfdba7 e-flex e-con-boxed e-con e-child\" data-id=\"3bfdba7\" data-element_type=\"container\" data-settings=\"{&quot;background_background&quot;:&quot;classic&quot;}\">\n\t\t\t\t\t<div class=\"e-con-inner\">\n\t\t<div class=\"elementor-element elementor-element-bb132d9 e-con-full e-flex e-con e-child\" data-id=\"bb132d9\" data-element_type=\"container\">\n\t\t\t\t<div class=\"elementor-element elementor-element-1fd73b3 elementor-widget__width-auto elementor-widget elementor-widget-image\" data-id=\"1fd73b3\" data-element_type=\"widget\" data-widget_type=\"image.default\">\n\t\t\t\t<div class=\"elementor-widget-container\">\n\t\t\t\t\t\t\t\t\t\t\t\t\t<img decoding=\"async\" width=\"70\" height=\"35\" src=\"https:\/\/vision-health.ro\/wp-content\/uploads\/2023\/11\/nyil-lefele-small.png\" class=\"attachment-large size-large wp-image-631\" alt=\"\" \/>\t\t\t\t\t\t\t\t\t\t\t\t\t<\/div>\n\t\t\t\t<\/div>\n\t\t\t\t<\/div>\n\t\t<div class=\"elementor-element elementor-element-1ce9c37 e-flex e-con-boxed e-con e-child\" data-id=\"1ce9c37\" data-element_type=\"container\">\n\t\t\t\t\t<div class=\"e-con-inner\">\n\t\t\t\t<div class=\"elementor-element elementor-element-8948df1 elementor-widget__width-initial elementor-widget elementor-widget-heading\" data-id=\"8948df1\" data-element_type=\"widget\" data-widget_type=\"heading.default\">\n\t\t\t\t<div class=\"elementor-widget-container\">\n\t\t\t<h3 class=\"elementor-heading-title elementor-size-default\">Galerie Foto<\/h3>\t\t<\/div>\n\t\t\t\t<\/div>\n\t\t\t\t\t<\/div>\n\t\t\t\t<\/div>\n\t\t\t\t\t<\/div>\n\t\t\t\t<\/div>\n\t\t\t\t<div class=\"elementor-element elementor-element-5fa6899 elementor-widget elementor-widget-gallery\" data-id=\"5fa6899\" data-element_type=\"widget\" data-settings=\"{&quot;columns&quot;:2,&quot;lazyload&quot;:&quot;yes&quot;,&quot;gallery_layout&quot;:&quot;grid&quot;,&quot;columns_tablet&quot;:2,&quot;columns_mobile&quot;:1,&quot;gap&quot;:{&quot;unit&quot;:&quot;px&quot;,&quot;size&quot;:10,&quot;sizes&quot;:[]},&quot;gap_tablet&quot;:{&quot;unit&quot;:&quot;px&quot;,&quot;size&quot;:10,&quot;sizes&quot;:[]},&quot;gap_mobile&quot;:{&quot;unit&quot;:&quot;px&quot;,&quot;size&quot;:10,&quot;sizes&quot;:[]},&quot;link_to&quot;:&quot;file&quot;,&quot;aspect_ratio&quot;:&quot;3:2&quot;,&quot;overlay_background&quot;:&quot;yes&quot;,&quot;content_hover_animation&quot;:&quot;fade-in&quot;}\" data-widget_type=\"gallery.default\">\n\t\t\t\t<div class=\"elementor-widget-container\">\n\t\t\t\t\t<div class=\"elementor-gallery__container\">\n\t\t\t\t\t\t\t<a class=\"e-gallery-item elementor-gallery-item elementor-animated-content\" href=\"https:\/\/vision-health.ro\/wp-content\/uploads\/2023\/11\/PHOTO-2023-08-15-19-51-50-1.jpg\" data-elementor-open-lightbox=\"yes\" data-elementor-lightbox-slideshow=\"5fa6899\" data-elementor-lightbox-title=\"PHOTO-2023-08-15-19-51-50 (1)\" data-e-action-hash=\"#elementor-action%3Aaction%3Dlightbox%26settings%3DeyJpZCI6ODI5LCJ1cmwiOiJodHRwczpcL1wvdmlzaW9uLWhlYWx0aC5yb1wvd3AtY29udGVudFwvdXBsb2Fkc1wvMjAyM1wvMTFcL1BIT1RPLTIwMjMtMDgtMTUtMTktNTEtNTAtMS5qcGciLCJzbGlkZXNob3ciOiI1ZmE2ODk5In0%3D\">\n\t\t\t\t\t<div class=\"e-gallery-image elementor-gallery-item__image\" data-thumbnail=\"https:\/\/vision-health.ro\/wp-content\/uploads\/2023\/11\/PHOTO-2023-08-15-19-51-50-1-300x169.jpg\" data-width=\"300\" data-height=\"169\" aria-label=\"Vision Health Center terveink\" role=\"img\" ><\/div>\n\t\t\t\t\t\t\t\t\t\t\t<div class=\"elementor-gallery-item__overlay\"><\/div>\n\t\t\t\t\t\t\t\t\t\t\t\t\t\t<\/a>\n\t\t\t\t\t\t\t<a class=\"e-gallery-item elementor-gallery-item elementor-animated-content\" href=\"https:\/\/vision-health.ro\/wp-content\/uploads\/2023\/11\/PHOTO-2023-08-15-19-51-50-2.jpg\" data-elementor-open-lightbox=\"yes\" data-elementor-lightbox-slideshow=\"5fa6899\" data-elementor-lightbox-title=\"PHOTO-2023-08-15-19-51-50 (2)\" data-e-action-hash=\"#elementor-action%3Aaction%3Dlightbox%26settings%3DeyJpZCI6ODMxLCJ1cmwiOiJodHRwczpcL1wvdmlzaW9uLWhlYWx0aC5yb1wvd3AtY29udGVudFwvdXBsb2Fkc1wvMjAyM1wvMTFcL1BIT1RPLTIwMjMtMDgtMTUtMTktNTEtNTAtMi5qcGciLCJzbGlkZXNob3ciOiI1ZmE2ODk5In0%3D\">\n\t\t\t\t\t<div class=\"e-gallery-image elementor-gallery-item__image\" data-thumbnail=\"https:\/\/vision-health.ro\/wp-content\/uploads\/2023\/11\/PHOTO-2023-08-15-19-51-50-2-300x169.jpg\" data-width=\"300\" data-height=\"169\" aria-label=\"Vision Health Center terveink\" role=\"img\" ><\/div>\n\t\t\t\t\t\t\t\t\t\t\t<div class=\"elementor-gallery-item__overlay\"><\/div>\n\t\t\t\t\t\t\t\t\t\t\t\t\t\t<\/a>\n\t\t\t\t\t\t\t<a class=\"e-gallery-item elementor-gallery-item elementor-animated-content\" href=\"https:\/\/vision-health.ro\/wp-content\/uploads\/2023\/11\/PHOTO-2023-08-15-19-51-50-3.jpg\" data-elementor-open-lightbox=\"yes\" data-elementor-lightbox-slideshow=\"5fa6899\" data-elementor-lightbox-title=\"PHOTO-2023-08-15-19-51-50 (3)\" data-e-action-hash=\"#elementor-action%3Aaction%3Dlightbox%26settings%3DeyJpZCI6ODMyLCJ1cmwiOiJodHRwczpcL1wvdmlzaW9uLWhlYWx0aC5yb1wvd3AtY29udGVudFwvdXBsb2Fkc1wvMjAyM1wvMTFcL1BIT1RPLTIwMjMtMDgtMTUtMTktNTEtNTAtMy5qcGciLCJzbGlkZXNob3ciOiI1ZmE2ODk5In0%3D\">\n\t\t\t\t\t<div class=\"e-gallery-image elementor-gallery-item__image\" data-thumbnail=\"https:\/\/vision-health.ro\/wp-content\/uploads\/2023\/11\/PHOTO-2023-08-15-19-51-50-3-300x169.jpg\" data-width=\"300\" data-height=\"169\" aria-label=\"Vision Health Center terveink\" role=\"img\" ><\/div>\n\t\t\t\t\t\t\t\t\t\t\t<div class=\"elementor-gallery-item__overlay\"><\/div>\n\t\t\t\t\t\t\t\t\t\t\t\t\t\t<\/a>\n\t\t\t\t\t\t\t<a class=\"e-gallery-item elementor-gallery-item elementor-animated-content\" href=\"https:\/\/vision-health.ro\/wp-content\/uploads\/2023\/11\/PHOTO-2023-08-15-19-51-50.jpg\" data-elementor-open-lightbox=\"yes\" data-elementor-lightbox-slideshow=\"5fa6899\" data-elementor-lightbox-title=\"PHOTO-2023-08-15-19-51-50\" data-e-action-hash=\"#elementor-action%3Aaction%3Dlightbox%26settings%3DeyJpZCI6ODM0LCJ1cmwiOiJodHRwczpcL1wvdmlzaW9uLWhlYWx0aC5yb1wvd3AtY29udGVudFwvdXBsb2Fkc1wvMjAyM1wvMTFcL1BIT1RPLTIwMjMtMDgtMTUtMTktNTEtNTAuanBnIiwic2xpZGVzaG93IjoiNWZhNjg5OSJ9\">\n\t\t\t\t\t<div class=\"e-gallery-image elementor-gallery-item__image\" data-thumbnail=\"https:\/\/vision-health.ro\/wp-content\/uploads\/2023\/11\/PHOTO-2023-08-15-19-51-50-300x169.jpg\" data-width=\"300\" data-height=\"169\" aria-label=\"Vision Health Center terveink\" role=\"img\" ><\/div>\n\t\t\t\t\t\t\t\t\t\t\t<div class=\"elementor-gallery-item__overlay\"><\/div>\n\t\t\t\t\t\t\t\t\t\t\t\t\t\t<\/a>\n\t\t\t\t\t\t\t<a class=\"e-gallery-item elementor-gallery-item elementor-animated-content\" href=\"https:\/\/vision-health.ro\/wp-content\/uploads\/2023\/11\/PHOTO-2023-08-15-19-51-51-2.jpg\" data-elementor-open-lightbox=\"yes\" data-elementor-lightbox-slideshow=\"5fa6899\" data-elementor-lightbox-title=\"PHOTO-2023-08-15-19-51-51 (2)\" data-e-action-hash=\"#elementor-action%3Aaction%3Dlightbox%26settings%3DeyJpZCI6ODM2LCJ1cmwiOiJodHRwczpcL1wvdmlzaW9uLWhlYWx0aC5yb1wvd3AtY29udGVudFwvdXBsb2Fkc1wvMjAyM1wvMTFcL1BIT1RPLTIwMjMtMDgtMTUtMTktNTEtNTEtMi5qcGciLCJzbGlkZXNob3ciOiI1ZmE2ODk5In0%3D\">\n\t\t\t\t\t<div class=\"e-gallery-image elementor-gallery-item__image\" data-thumbnail=\"https:\/\/vision-health.ro\/wp-content\/uploads\/2023\/11\/PHOTO-2023-08-15-19-51-51-2-300x169.jpg\" data-width=\"300\" data-height=\"169\" aria-label=\"Vision Health Center terveink\" role=\"img\" ><\/div>\n\t\t\t\t\t\t\t\t\t\t\t<div class=\"elementor-gallery-item__overlay\"><\/div>\n\t\t\t\t\t\t\t\t\t\t\t\t\t\t<\/a>\n\t\t\t\t\t\t\t<a class=\"e-gallery-item elementor-gallery-item elementor-animated-content\" href=\"https:\/\/vision-health.ro\/wp-content\/uploads\/2023\/11\/PHOTO-2023-08-15-19-51-51.jpg\" data-elementor-open-lightbox=\"yes\" data-elementor-lightbox-slideshow=\"5fa6899\" data-elementor-lightbox-title=\"PHOTO-2023-08-15-19-51-51\" data-e-action-hash=\"#elementor-action%3Aaction%3Dlightbox%26settings%3DeyJpZCI6ODM3LCJ1cmwiOiJodHRwczpcL1wvdmlzaW9uLWhlYWx0aC5yb1wvd3AtY29udGVudFwvdXBsb2Fkc1wvMjAyM1wvMTFcL1BIT1RPLTIwMjMtMDgtMTUtMTktNTEtNTEuanBnIiwic2xpZGVzaG93IjoiNWZhNjg5OSJ9\">\n\t\t\t\t\t<div class=\"e-gallery-image elementor-gallery-item__image\" data-thumbnail=\"https:\/\/vision-health.ro\/wp-content\/uploads\/2023\/11\/PHOTO-2023-08-15-19-51-51-300x169.jpg\" data-width=\"300\" data-height=\"169\" aria-label=\"Vision Health Center terveink\" role=\"img\" ><\/div>\n\t\t\t\t\t\t\t\t\t\t\t<div class=\"elementor-gallery-item__overlay\"><\/div>\n\t\t\t\t\t\t\t\t\t\t\t\t\t\t<\/a>\n\t\t\t\t\t<\/div>\n\t\t\t<\/div>\n\t\t\t\t<\/div>\n\t\t\t\t\t<\/div>\n\t\t\t\t<\/div>\n\t\t\t\t\t<\/div>\n\t\t\t\t<\/div>\n\t\t\t\t\t<\/div>\n\t\t\t\t<\/div>\n\t\t\t\t\t<\/div>\n\t\t\t\t<\/div>\n\t\t\t\t<\/div>\n\t\t","protected":false},"excerpt":{"rendered":"<p>Specialit\u0103\u021bi PROGRAM\u0102RI Planuri de viitor Vision 2009 S.R.L. \u00ee\u0219i propune s\u0103 devin\u0103 o firm\u0103 de renume \u00een urm\u0103torii cinci ani, at\u00e2t la nivel na\u021bional, c\u00e2t \u0219i european, \u00een domeniul s\u0103n\u0103t\u0103\u021bii, cercetare \u0219i inova\u021bie \u00een serviciul cet\u0103\u021benilor cu un impact pozitiv \u00een sfera actelor medicale de calitate oferite. Scopul nostru este de a crea o infrastructur\u0103 [&hellip;]<\/p>\n","protected":false},"author":1,"featured_media":0,"parent":0,"menu_order":0,"comment_status":"closed","ping_status":"closed","template":"","meta":{"footnotes":""},"class_list":["post-827","page","type-page","status-publish","hentry"],"blocksy_meta":[],"_links":{"self":[{"href":"https:\/\/vision-health.ro\/ro\/wp-json\/wp\/v2\/pages\/827","targetHints":{"allow":["GET"]}}],"collection":[{"href":"https:\/\/vision-health.ro\/ro\/wp-json\/wp\/v2\/pages"}],"about":[{"href":"https:\/\/vision-health.ro\/ro\/wp-json\/wp\/v2\/types\/page"}],"author":[{"embeddable":true,"href":"https:\/\/vision-health.ro\/ro\/wp-json\/wp\/v2\/users\/1"}],"replies":[{"embeddable":true,"href":"https:\/\/vision-health.ro\/ro\/wp-json\/wp\/v2\/comments?post=827"}],"version-history":[{"count":0,"href":"https:\/\/vision-health.ro\/ro\/wp-json\/wp\/v2\/pages\/827\/revisions"}],"wp:attachment":[{"href":"https:\/\/vision-health.ro\/ro\/wp-json\/wp\/v2\/media?parent=827"}],"curies":[{"name":"wp","href":"https:\/\/api.w.org\/{rel}","templated":true}]}}